{"id":1961,"date":"2023-11-08T15:14:40","date_gmt":"2023-11-08T15:14:40","guid":{"rendered":"https:\/\/delvalle.proyectoscoonic.es\/?page_id=1961"},"modified":"2023-11-10T10:32:36","modified_gmt":"2023-11-10T10:32:36","slug":"asesoramiento-inmobiliario","status":"publish","type":"page","link":"https:\/\/vpconsultores.net\/en\/asesoramiento-inmobiliario\/","title":{"rendered":"Asesoramiento Inmobiliario"},"content":{"rendered":"<div data-elementor-type=\"wp-page\" data-elementor-id=\"1961\" class=\"elementor elementor-1961\" data-elementor-post-type=\"page\">\n\t\t\t\t\t\t\t<div class=\"elementor-element elementor-element-4a23a4c e-flex e-con-boxed e-con e-parent\" data-id=\"4a23a4c\" data-element_type=\"container\" data-settings=\"{&quot;background_background&quot;:&quot;classic&quot;,&quot;content_width&quot;:&quot;boxed&quot;}\" data-core-v316-plus=\"true\">\n\t\t\t\t\t<div class=\"e-con-inner\">\n\t\t\t\t\t<\/div>\n\t\t\t\t<\/div>\n\t\t<div class=\"elementor-element elementor-element-11bf469 e-flex e-con-boxed e-con e-parent\" data-id=\"11bf469\" data-element_type=\"container\" data-settings=\"{&quot;motion_fx_motion_fx_scrolling&quot;:&quot;yes&quot;,&quot;motion_fx_scale_effect&quot;:&quot;yes&quot;,&quot;motion_fx_scale_direction&quot;:&quot;in-out&quot;,&quot;motion_fx_scale_speed&quot;:{&quot;unit&quot;:&quot;px&quot;,&quot;size&quot;:-4,&quot;sizes&quot;:[]},&quot;motion_fx_scale_range&quot;:{&quot;unit&quot;:&quot;%&quot;,&quot;size&quot;:&quot;&quot;,&quot;sizes&quot;:{&quot;start&quot;:0,&quot;end&quot;:40}},&quot;motion_fx_devices&quot;:[&quot;desktop&quot;],&quot;content_width&quot;:&quot;boxed&quot;}\" data-core-v316-plus=\"true\">\n\t\t\t\t\t<div class=\"e-con-inner\">\n\t\t<div class=\"elementor-element elementor-element-dcfe47b e-con-full e-flex e-con e-child\" data-id=\"dcfe47b\" data-element_type=\"container\" data-settings=\"{&quot;content_width&quot;:&quot;full&quot;}\">\n\t\t\t\t<div class=\"elementor-element elementor-element-70eb0f7 elementor-widget elementor-widget-heading\" data-id=\"70eb0f7\" data-element_type=\"widget\" data-settings=\"{&quot;_animation&quot;:&quot;none&quot;}\" data-widget_type=\"heading.default\">\n\t\t\t\t<div class=\"elementor-widget-container\">\n\t\t\t<style>\/*! elementor - v3.17.0 - 08-11-2023 *\/\n.elementor-heading-title{padding:0;margin:0;line-height:1}.elementor-widget-heading .elementor-heading-title[class*=elementor-size-]>a{color:inherit;font-size:inherit;line-height:inherit}.elementor-widget-heading .elementor-heading-title.elementor-size-small{font-size:15px}.elementor-widget-heading .elementor-heading-title.elementor-size-medium{font-size:19px}.elementor-widget-heading .elementor-heading-title.elementor-size-large{font-size:29px}.elementor-widget-heading .elementor-heading-title.elementor-size-xl{font-size:39px}.elementor-widget-heading .elementor-heading-title.elementor-size-xxl{font-size:59px}<\/style><h2 class=\"elementor-heading-title elementor-size-default\">Asesoramiento Inmobiliario<\/h2>\t\t<\/div>\n\t\t\t\t<\/div>\n\t\t\t\t<div class=\"elementor-element elementor-element-96f14a7 elementor-widget elementor-widget-image\" data-id=\"96f14a7\" data-element_type=\"widget\" data-settings=\"{&quot;_animation&quot;:&quot;none&quot;}\" data-widget_type=\"image.default\">\n\t\t\t\t<div class=\"elementor-widget-container\">\n\t\t\t<style>\/*! elementor - v3.17.0 - 08-11-2023 *\/\n.elementor-widget-image{text-align:center}.elementor-widget-image a{display:inline-block}.elementor-widget-image a img[src$=\".svg\"]{width:48px}.elementor-widget-image img{vertical-align:middle;display:inline-block}<\/style>\t\t\t\t\t\t\t\t\t\t\t\t<img fetchpriority=\"high\" decoding=\"async\" width=\"1980\" height=\"794\" src=\"https:\/\/vpconsultores.net\/wp-content\/uploads\/2023\/11\/banner-inmobiliaria.webp\" class=\"attachment-full size-full wp-image-1987\" alt=\"\" srcset=\"https:\/\/vpconsultores.net\/wp-content\/uploads\/2023\/11\/banner-inmobiliaria.webp 1980w, https:\/\/vpconsultores.net\/wp-content\/uploads\/2023\/11\/banner-inmobiliaria-300x120.webp 300w, https:\/\/vpconsultores.net\/wp-content\/uploads\/2023\/11\/banner-inmobiliaria-1024x411.webp 1024w, https:\/\/vpconsultores.net\/wp-content\/uploads\/2023\/11\/banner-inmobiliaria-768x308.webp 768w, https:\/\/vpconsultores.net\/wp-content\/uploads\/2023\/11\/banner-inmobiliaria-1536x616.webp 1536w\" sizes=\"(max-width: 1980px) 100vw, 1980px\" \/>\t\t\t\t\t\t\t\t\t\t\t\t\t\t\t<\/div>\n\t\t\t\t<\/div>\n\t\t\t\t<\/div>\n\t\t<div class=\"elementor-element elementor-element-a0a62a8 e-con-full e-flex e-con e-child\" data-id=\"a0a62a8\" data-element_type=\"container\" data-settings=\"{&quot;content_width&quot;:&quot;full&quot;}\">\n\t\t<div class=\"elementor-element elementor-element-0704486 e-con-full e-flex e-con e-child\" data-id=\"0704486\" data-element_type=\"container\" data-settings=\"{&quot;content_width&quot;:&quot;full&quot;}\">\n\t\t\t\t<div class=\"elementor-element elementor-element-c79118c elementor-widget elementor-widget-text-editor\" data-id=\"c79118c\" data-element_type=\"widget\" data-widget_type=\"text-editor.default\">\n\t\t\t\t<div class=\"elementor-widget-container\">\n\t\t\t<style>\/*! elementor - v3.17.0 - 08-11-2023 *\/\n.elementor-widget-text-editor.elementor-drop-cap-view-stacked .elementor-drop-cap{background-color:#69727d;color:#fff}.elementor-widget-text-editor.elementor-drop-cap-view-framed .elementor-drop-cap{color:#69727d;border:3px solid;background-color:transparent}.elementor-widget-text-editor:not(.elementor-drop-cap-view-default) .elementor-drop-cap{margin-top:8px}.elementor-widget-text-editor:not(.elementor-drop-cap-view-default) .elementor-drop-cap-letter{width:1em;height:1em}.elementor-widget-text-editor .elementor-drop-cap{float:left;text-align:center;line-height:1;font-size:50px}.elementor-widget-text-editor .elementor-drop-cap-letter{display:inline-block}<\/style>\t\t\t\t<p>1<\/p>\t\t\t\t\t\t<\/div>\n\t\t\t\t<\/div>\n\t\t\t\t<div class=\"elementor-element elementor-element-24bf3fc elementor-widget elementor-widget-heading\" data-id=\"24bf3fc\" data-element_type=\"widget\" data-widget_type=\"heading.default\">\n\t\t\t\t<div class=\"elementor-widget-container\">\n\t\t\t<h2 class=\"elementor-heading-title elementor-size-default\">Compraventas, permutas y otras operaciones sobre inmuebles<\/h2>\t\t<\/div>\n\t\t\t\t<\/div>\n\t\t\t\t<div class=\"elementor-element elementor-element-e52db20 elementor-widget elementor-widget-text-editor\" data-id=\"e52db20\" data-element_type=\"widget\" data-widget_type=\"text-editor.default\">\n\t\t\t\t<div class=\"elementor-widget-container\">\n\t\t\t\t\t\t\t<p>Asesoramiento y acompa\u00f1amiento en las operaciones inmobiliarias de nuestros clientes: compraventas, permutas y cualquier otra que impliquen transacciones legales con propiedades inmuebles.<\/p>\t\t\t\t\t\t<\/div>\n\t\t\t\t<\/div>\n\t\t\t\t<\/div>\n\t\t<div class=\"elementor-element elementor-element-334d3de e-con-full e-flex e-con e-child\" data-id=\"334d3de\" data-element_type=\"container\" data-settings=\"{&quot;content_width&quot;:&quot;full&quot;}\">\n\t\t\t\t<div class=\"elementor-element elementor-element-e46e426 elementor-widget elementor-widget-text-editor\" data-id=\"e46e426\" data-element_type=\"widget\" data-widget_type=\"text-editor.default\">\n\t\t\t\t<div class=\"elementor-widget-container\">\n\t\t\t\t\t\t\t<p>2<\/p>\t\t\t\t\t\t<\/div>\n\t\t\t\t<\/div>\n\t\t\t\t<div class=\"elementor-element elementor-element-f3fca04 elementor-widget elementor-widget-heading\" data-id=\"f3fca04\" data-element_type=\"widget\" data-widget_type=\"heading.default\">\n\t\t\t\t<div class=\"elementor-widget-container\">\n\t\t\t<h2 class=\"elementor-heading-title elementor-size-default\">Asesoramiento en financiaci\u00f3n de proyectos inmobiliarios<\/h2>\t\t<\/div>\n\t\t\t\t<\/div>\n\t\t\t\t<div class=\"elementor-element elementor-element-92e5d90 elementor-widget elementor-widget-text-editor\" data-id=\"92e5d90\" data-element_type=\"widget\" data-widget_type=\"text-editor.default\">\n\t\t\t\t<div class=\"elementor-widget-container\">\n\t\t\t\t\t\t\t<p>El asesoramiento en financiaci\u00f3n de proyectos inmobiliarios implica identificar fuentes de capital y estrategias para desarrollar con \u00e9xito este tipo de operaciones.<\/p>\t\t\t\t\t\t<\/div>\n\t\t\t\t<\/div>\n\t\t\t\t<\/div>\n\t\t<div class=\"elementor-element elementor-element-34a54ca e-con-full e-flex e-con e-child\" data-id=\"34a54ca\" data-element_type=\"container\" data-settings=\"{&quot;content_width&quot;:&quot;full&quot;}\">\n\t\t\t\t<div class=\"elementor-element elementor-element-786f39b elementor-widget elementor-widget-text-editor\" data-id=\"786f39b\" data-element_type=\"widget\" data-widget_type=\"text-editor.default\">\n\t\t\t\t<div class=\"elementor-widget-container\">\n\t\t\t\t\t\t\t<p>3<\/p>\t\t\t\t\t\t<\/div>\n\t\t\t\t<\/div>\n\t\t\t\t<div class=\"elementor-element elementor-element-dbef552 elementor-widget elementor-widget-heading\" data-id=\"dbef552\" data-element_type=\"widget\" data-widget_type=\"heading.default\">\n\t\t\t\t<div class=\"elementor-widget-container\">\n\t\t\t<h2 class=\"elementor-heading-title elementor-size-default\">Operaciones de inversi\u00f3n y desinversi\u00f3n inmobiliaria<\/h2>\t\t<\/div>\n\t\t\t\t<\/div>\n\t\t\t\t<div class=\"elementor-element elementor-element-6460778 elementor-widget elementor-widget-text-editor\" data-id=\"6460778\" data-element_type=\"widget\" data-widget_type=\"text-editor.default\">\n\t\t\t\t<div class=\"elementor-widget-container\">\n\t\t\t\t\t\t\t<p>Estas operaciones abarcan la adquisici\u00f3n y venta de bienes ra\u00edces como parte de estrategias financieras.<\/p>\t\t\t\t\t\t<\/div>\n\t\t\t\t<\/div>\n\t\t\t\t<\/div>\n\t\t<div class=\"elementor-element elementor-element-c9d5e0e e-con-full e-flex e-con e-child\" data-id=\"c9d5e0e\" data-element_type=\"container\" data-settings=\"{&quot;content_width&quot;:&quot;full&quot;}\">\n\t\t\t\t<div class=\"elementor-element elementor-element-a6d8481 elementor-widget elementor-widget-text-editor\" data-id=\"a6d8481\" data-element_type=\"widget\" data-widget_type=\"text-editor.default\">\n\t\t\t\t<div class=\"elementor-widget-container\">\n\t\t\t\t\t\t\t<p>4<\/p>\t\t\t\t\t\t<\/div>\n\t\t\t\t<\/div>\n\t\t\t\t<div class=\"elementor-element elementor-element-e148d71 elementor-widget elementor-widget-heading\" data-id=\"e148d71\" data-element_type=\"widget\" data-widget_type=\"heading.default\">\n\t\t\t\t<div class=\"elementor-widget-container\">\n\t\t\t<h2 class=\"elementor-heading-title elementor-size-default\">Redacci\u00f3n e interpretaci\u00f3n de todo tipo de contratos de arrendamiento<\/h2>\t\t<\/div>\n\t\t\t\t<\/div>\n\t\t\t\t<div class=\"elementor-element elementor-element-ea9c995 elementor-widget elementor-widget-text-editor\" data-id=\"ea9c995\" data-element_type=\"widget\" data-widget_type=\"text-editor.default\">\n\t\t\t\t<div class=\"elementor-widget-container\">\n\t\t\t\t\t\t\t<div class=\"group w-full text-token-text-primary border-b border-black\/10 gizmo:border-0 dark:border-gray-900\/50 gizmo:dark:border-0 bg-gray-50 gizmo:bg-transparent dark:bg-[#444654] gizmo:dark:bg-transparent\" data-testid=\"conversation-turn-37\"><div class=\"p-4 gizmo:py-2 justify-center text-base md:gap-6 md:py-6 m-auto\"><div class=\"flex flex-1 gap-4 text-base mx-auto md:gap-6 gizmo:gap-3 gizmo:md:px-5 gizmo:lg:px-1 gizmo:xl:px-5 md:max-w-2xl lg:max-w-[38rem] gizmo:md:max-w-3xl gizmo:lg:max-w-[40rem] gizmo:xl:max-w-[48rem] xl:max-w-3xl }\"><div class=\"relative flex w-[calc(100%-50px)] flex-col gizmo:w-full lg:w-[calc(100%-115px)] agent-turn\"><div class=\"flex-col gap-1 md:gap-3\"><div class=\"flex flex-grow flex-col max-w-full gap-3 gizmo:gap-0\"><div class=\"min-h-[20px] text-message peer flex flex-col items-start gap-3 whitespace-pre-wrap break-words peer-[.text-message]:mt-5 overflow-x-auto\" data-message-author-role=\"assistant\" data-message-id=\"da917196-6774-4217-9484-08c2f9455a65\"><div class=\"markdown prose w-full break-words dark:prose-invert dark\"><p>Redactamos todo tipo de contratos de arrendamiento para establecer acuerdos claros entre propietarios e inquilinos.<\/p><\/div><\/div><\/div><\/div><\/div><\/div><\/div><\/div>\t\t\t\t\t\t<\/div>\n\t\t\t\t<\/div>\n\t\t\t\t<\/div>\n\t\t\t\t<\/div>\n\t\t\t\t\t<\/div>\n\t\t\t\t<\/div>\n\t\t<div class=\"elementor-element elementor-element-38f7d3f e-flex e-con-boxed e-con e-parent\" data-id=\"38f7d3f\" data-element_type=\"container\" data-settings=\"{&quot;motion_fx_motion_fx_scrolling&quot;:&quot;yes&quot;,&quot;motion_fx_scale_effect&quot;:&quot;yes&quot;,&quot;motion_fx_scale_direction&quot;:&quot;in-out&quot;,&quot;motion_fx_scale_speed&quot;:{&quot;unit&quot;:&quot;px&quot;,&quot;size&quot;:-4,&quot;sizes&quot;:[]},&quot;motion_fx_scale_range&quot;:{&quot;unit&quot;:&quot;%&quot;,&quot;size&quot;:&quot;&quot;,&quot;sizes&quot;:{&quot;start&quot;:0,&quot;end&quot;:45}},&quot;motion_fx_devices&quot;:[&quot;desktop&quot;],&quot;content_width&quot;:&quot;boxed&quot;}\" data-core-v316-plus=\"true\">\n\t\t\t\t\t<div class=\"e-con-inner\">\n\t\t<div class=\"elementor-element elementor-element-14e2d07 e-con-full e-flex e-con e-child\" data-id=\"14e2d07\" data-element_type=\"container\" data-settings=\"{&quot;content_width&quot;:&quot;full&quot;}\">\n\t\t<div class=\"elementor-element elementor-element-01f4445 e-con-full e-flex e-con e-child\" data-id=\"01f4445\" data-element_type=\"container\" data-settings=\"{&quot;content_width&quot;:&quot;full&quot;}\">\n\t\t\t\t<div class=\"elementor-element elementor-element-fe38cdd elementor-widget elementor-widget-text-editor\" data-id=\"fe38cdd\" data-element_type=\"widget\" data-widget_type=\"text-editor.default\">\n\t\t\t\t<div class=\"elementor-widget-container\">\n\t\t\t\t\t\t\t<p>5<\/p>\t\t\t\t\t\t<\/div>\n\t\t\t\t<\/div>\n\t\t\t\t<div class=\"elementor-element elementor-element-6232bc5 elementor-widget elementor-widget-heading\" data-id=\"6232bc5\" data-element_type=\"widget\" data-widget_type=\"heading.default\">\n\t\t\t\t<div class=\"elementor-widget-container\">\n\t\t\t<h2 class=\"elementor-heading-title elementor-size-default\">Resoluci\u00f3n y rescisi\u00f3n de contratos<\/h2>\t\t<\/div>\n\t\t\t\t<\/div>\n\t\t\t\t<div class=\"elementor-element elementor-element-b1c8f02 elementor-widget elementor-widget-text-editor\" data-id=\"b1c8f02\" data-element_type=\"widget\" data-widget_type=\"text-editor.default\">\n\t\t\t\t<div class=\"elementor-widget-container\">\n\t\t\t\t\t\t\t<p>Cuando se incumplen sus t\u00e9rminos o condiciones o se dan por finalizados determinados acuerdos.<\/p>\t\t\t\t\t\t<\/div>\n\t\t\t\t<\/div>\n\t\t\t\t<\/div>\n\t\t<div class=\"elementor-element elementor-element-4525832 e-con-full e-flex e-con e-child\" data-id=\"4525832\" data-element_type=\"container\" data-settings=\"{&quot;content_width&quot;:&quot;full&quot;}\">\n\t\t\t\t<div class=\"elementor-element elementor-element-164949c elementor-widget elementor-widget-text-editor\" data-id=\"164949c\" data-element_type=\"widget\" data-widget_type=\"text-editor.default\">\n\t\t\t\t<div class=\"elementor-widget-container\">\n\t\t\t\t\t\t\t<p>6<\/p>\t\t\t\t\t\t<\/div>\n\t\t\t\t<\/div>\n\t\t\t\t<div class=\"elementor-element elementor-element-1000ba8 elementor-widget elementor-widget-heading\" data-id=\"1000ba8\" data-element_type=\"widget\" data-widget_type=\"heading.default\">\n\t\t\t\t<div class=\"elementor-widget-container\">\n\t\t\t<h2 class=\"elementor-heading-title elementor-size-default\">Contratos comerciales de distribuci\u00f3n, agencia, suministro y franquicias<\/h2>\t\t<\/div>\n\t\t\t\t<\/div>\n\t\t\t\t<div class=\"elementor-element elementor-element-488b269 elementor-widget elementor-widget-text-editor\" data-id=\"488b269\" data-element_type=\"widget\" data-widget_type=\"text-editor.default\">\n\t\t\t\t<div class=\"elementor-widget-container\">\n\t\t\t\t\t\t\t<p>Redacci\u00f3n de contratos comerciales de distribuci\u00f3n, agencia, suministro y franquicias y cualquier tipo de contrato que establezca relaciones comerciales y obligaciones entre diferentes partes en el mercado.<\/p>\t\t\t\t\t\t<\/div>\n\t\t\t\t<\/div>\n\t\t\t\t<\/div>\n\t\t<div class=\"elementor-element elementor-element-126e889 e-con-full e-flex e-con e-child\" data-id=\"126e889\" data-element_type=\"container\" data-settings=\"{&quot;content_width&quot;:&quot;full&quot;}\">\n\t\t\t\t<div class=\"elementor-element elementor-element-bdcbe3c elementor-widget elementor-widget-text-editor\" data-id=\"bdcbe3c\" data-element_type=\"widget\" data-widget_type=\"text-editor.default\">\n\t\t\t\t<div class=\"elementor-widget-container\">\n\t\t\t\t\t\t\t<p>7<\/p>\t\t\t\t\t\t<\/div>\n\t\t\t\t<\/div>\n\t\t\t\t<div class=\"elementor-element elementor-element-3bacf12 elementor-widget elementor-widget-heading\" data-id=\"3bacf12\" data-element_type=\"widget\" data-widget_type=\"heading.default\">\n\t\t\t\t<div class=\"elementor-widget-container\">\n\t\t\t<h2 class=\"elementor-heading-title elementor-size-default\">Contratos de obra y servicio<\/h2>\t\t<\/div>\n\t\t\t\t<\/div>\n\t\t\t\t<div class=\"elementor-element elementor-element-87e1140 elementor-widget elementor-widget-text-editor\" data-id=\"87e1140\" data-element_type=\"widget\" data-widget_type=\"text-editor.default\">\n\t\t\t\t<div class=\"elementor-widget-container\">\n\t\t\t\t\t\t\t<p>Los contratos de obra y servicio regulan acuerdos entre contratistas y clientes para la realizaci\u00f3n de proyectos o prestaci\u00f3n de servicios espec\u00edficos.<\/p>\t\t\t\t\t\t<\/div>\n\t\t\t\t<\/div>\n\t\t\t\t<\/div>\n\t\t<div class=\"elementor-element elementor-element-c60c9af e-con-full e-flex e-con e-child\" data-id=\"c60c9af\" data-element_type=\"container\" data-settings=\"{&quot;content_width&quot;:&quot;full&quot;}\">\n\t\t\t\t<\/div>\n\t\t\t\t<\/div>\n\t\t\t\t\t<\/div>\n\t\t\t\t<\/div>\n\t\t\t\t\t\t\t<\/div>","protected":false},"excerpt":{"rendered":"<p>Asesoramiento Inmobiliario 1 Compraventas, permutas y otras operaciones sobre inmuebles Asesoramiento y acompa\u00f1amiento en las operaciones inmobiliarias de nuestros clientes: compraventas, permutas y cualquier otra que impliquen transacciones legales con propiedades inmuebles. 2 Asesoramiento en financiaci\u00f3n de proyectos inmobiliarios El asesoramiento en financiaci\u00f3n de proyectos inmobiliarios implica identificar fuentes de capital y estrategias para desarrollar [&hellip;]<\/p>","protected":false},"author":1,"featured_media":0,"parent":0,"menu_order":0,"comment_status":"closed","ping_status":"closed","template":"elementor_header_footer","meta":{"footnotes":""},"class_list":["post-1961","page","type-page","status-publish","hentry"],"_links":{"self":[{"href":"https:\/\/vpconsultores.net\/en\/wp-json\/wp\/v2\/pages\/1961","targetHints":{"allow":["GET"]}}],"collection":[{"href":"https:\/\/vpconsultores.net\/en\/wp-json\/wp\/v2\/pages"}],"about":[{"href":"https:\/\/vpconsultores.net\/en\/wp-json\/wp\/v2\/types\/page"}],"author":[{"embeddable":true,"href":"https:\/\/vpconsultores.net\/en\/wp-json\/wp\/v2\/users\/1"}],"replies":[{"embeddable":true,"href":"https:\/\/vpconsultores.net\/en\/wp-json\/wp\/v2\/comments?post=1961"}],"version-history":[{"count":37,"href":"https:\/\/vpconsultores.net\/en\/wp-json\/wp\/v2\/pages\/1961\/revisions"}],"predecessor-version":[{"id":2281,"href":"https:\/\/vpconsultores.net\/en\/wp-json\/wp\/v2\/pages\/1961\/revisions\/2281"}],"wp:attachment":[{"href":"https:\/\/vpconsultores.net\/en\/wp-json\/wp\/v2\/media?parent=1961"}],"curies":[{"name":"wp","href":"https:\/\/api.w.org\/{rel}","templated":true}]}}