{"id":2384,"date":"2023-11-14T09:53:37","date_gmt":"2023-11-14T09:53:37","guid":{"rendered":"https:\/\/delvalle.proyectoscoonic.es\/?page_id=2384"},"modified":"2023-11-15T09:31:16","modified_gmt":"2023-11-15T09:31:16","slug":"aviso-legal","status":"publish","type":"page","link":"https:\/\/vpconsultores.net\/en\/aviso-legal\/","title":{"rendered":"Aviso legal"},"content":{"rendered":"<div data-elementor-type=\"wp-page\" data-elementor-id=\"2384\" class=\"elementor elementor-2384\" data-elementor-post-type=\"page\">\n\t\t\t\t\t\t\t<div class=\"elementor-element elementor-element-9877484 e-flex e-con-boxed e-con e-parent\" data-id=\"9877484\" data-element_type=\"container\" data-settings=\"{&quot;content_width&quot;:&quot;boxed&quot;}\" data-core-v316-plus=\"true\">\n\t\t\t\t\t<div class=\"e-con-inner\">\n\t\t\t\t<div class=\"elementor-element elementor-element-e4674e2 elementor-widget elementor-widget-heading\" data-id=\"e4674e2\" data-element_type=\"widget\" data-widget_type=\"heading.default\">\n\t\t\t\t<div class=\"elementor-widget-container\">\n\t\t\t<style>\/*! elementor - v3.17.0 - 08-11-2023 *\/\n.elementor-heading-title{padding:0;margin:0;line-height:1}.elementor-widget-heading .elementor-heading-title[class*=elementor-size-]>a{color:inherit;font-size:inherit;line-height:inherit}.elementor-widget-heading .elementor-heading-title.elementor-size-small{font-size:15px}.elementor-widget-heading .elementor-heading-title.elementor-size-medium{font-size:19px}.elementor-widget-heading .elementor-heading-title.elementor-size-large{font-size:29px}.elementor-widget-heading .elementor-heading-title.elementor-size-xl{font-size:39px}.elementor-widget-heading .elementor-heading-title.elementor-size-xxl{font-size:59px}<\/style><h2 class=\"elementor-heading-title elementor-size-default\">Aviso legal<\/h2>\t\t<\/div>\n\t\t\t\t<\/div>\n\t\t\t\t<div class=\"elementor-element elementor-element-e16eb66 elementor-widget elementor-widget-text-editor\" data-id=\"e16eb66\" data-element_type=\"widget\" data-widget_type=\"text-editor.default\">\n\t\t\t\t<div class=\"elementor-widget-container\">\n\t\t\t<style>\/*! elementor - v3.17.0 - 08-11-2023 *\/\n.elementor-widget-text-editor.elementor-drop-cap-view-stacked .elementor-drop-cap{background-color:#69727d;color:#fff}.elementor-widget-text-editor.elementor-drop-cap-view-framed .elementor-drop-cap{color:#69727d;border:3px solid;background-color:transparent}.elementor-widget-text-editor:not(.elementor-drop-cap-view-default) .elementor-drop-cap{margin-top:8px}.elementor-widget-text-editor:not(.elementor-drop-cap-view-default) .elementor-drop-cap-letter{width:1em;height:1em}.elementor-widget-text-editor .elementor-drop-cap{float:left;text-align:center;line-height:1;font-size:50px}.elementor-widget-text-editor .elementor-drop-cap-letter{display:inline-block}<\/style>\t\t\t\t<p><strong>TITULAR DEL SITIO WEB<\/strong><\/p><p>En cumplimiento de lo previsto en el art\u00edculo 10 de la Ley 34\/2002, de 11 de julio, de Servicios de la Sociedad de la Informaci\u00f3n y Comercio Electr\u00f3nico (LSSICE), se informa al Usuario que la titularidad del sitio web \u00a0<em>(<\/em>en adelante, el \u201cPortal\u201d) corresponde a:<\/p><ul><li class=\"li1\">Denominaci\u00f3n social: VALLE PESQUERA CONSULTORES, SL<\/li><li class=\"li1\">Nombre comercial: VALLE PESQUERA CONSULTORES<\/li><li class=\"li1\">NIF: B92500446<\/li><li class=\"li1\">Domicilio social: Calle Fresca, 2 &#8211; 3\u00ba izquierda &#8211; 29015 M\u00e1laga<\/li><li class=\"li2\"><span class=\"s2\">Correo electr\u00f3nico: \u00a0<a href=\"mailto:info@vpconsultores.net\" target=\"_blank\" rel=\"noopener\">info@vpconsultores.net<\/a><\/span><\/li><li class=\"li1\">Actividad social: Asesor\u00eda Fiscal<\/li><\/ul><p><strong>OBJETO<\/strong><\/p><p>A trav\u00e9s del sitio web se ofrece a los Usuarios la posibilidad de acceder a informaci\u00f3n sobre los productos y servicios ofrecidos por la empresa y a sus datos de contacto. El acceso a este sitio web o su utilizaci\u00f3n en cualquier forma le otorga la calificaci\u00f3n de \u201cUsuario\u201d e implica la aceptaci\u00f3n sin reservas del presente Aviso Legal. El Usuario deber\u00e1 leer atentamente el contenido del Aviso Legal en cada una de las ocasiones en que se proponga utilizar el Portal, ya que el contenido puede estar sujeto a modificaciones. Algunos servicios del Portal pueden estar sometidos a condiciones espec\u00edficas, reglamentos e instrucciones que, en su caso, sustituyen, completan y\/o modifican el presente Aviso Legal y deber\u00e1n ser aceptados por el Usuario antes de iniciarse la prestaci\u00f3n del servicio correspondiente.<\/p><p><strong>PROPIEDAD INDUSTRIAL E INTELECTUAL<\/strong><\/p><p>Dado que los Contenidos (incluyendo, sin car\u00e1cter limitativo, bases de datos, im\u00e1genes, fotograf\u00edas, patentes, modelos de utilidad e industriales, dibujos, gr\u00e1ficos, archivos de texto, audio, v\u00eddeo y software) del presente Portal est\u00e1n protegidos por copyright y marca registrada, el uso no autorizado de cualquier Contenido incluido en el Portal puede incumplir el copyright, la marca registrada u otros derechos de propiedad industrial e intelectual, protegidos por la ley aplicable.<\/p><p>La recopilaci\u00f3n (entendi\u00e9ndose como tal la obtenci\u00f3n, dise\u00f1o, ordenaci\u00f3n y montaje) de todo el contenido del Portal es propiedad exclusiva de VALLE PESQUERA CONSULTORES, y se encuentra protegida por la normativa aplicable en materia de propiedad industrial e intelectual. Todo el software, texto, dibujos gr\u00e1ficos, v\u00eddeos o soportes de audio utilizados en el uso y desarrollo del Sitio Web es propiedad de VALLE PESQUERA CONSULTORES o de sus proveedores de software y se encuentra protegido por las leyes de propiedad industrial e intelectual.<\/p><p>La puesta a disposici\u00f3n de los usuarios de las bases de datos, im\u00e1genes, fotograf\u00edas, patentes, modelos de utilidad e industriales, dibujos, gr\u00e1ficos, archivos de texto, audio, v\u00eddeo y software propiedad de VALLE PESQUERA CONSULTORES o de sus proveedores a trav\u00e9s del Portal o que figuran en el mismo, no implica, en ning\u00fan caso, la cesi\u00f3n de su titularidad o la concesi\u00f3n de un derecho de explotaci\u00f3n a favor del usuario distinto del uso que comporta la utilizaci\u00f3n leg\u00edtima y acorde con la naturaleza del Portal.<\/p><p>Si el Usuario descargase Contenidos del Portal para un uso personal o no-comercial, debe conservar todas las notificaciones de copyright, marca registrada u otros avisos similares incluidos en el material original o en cualquier copia de material.<\/p><p>Queda prohibido reproducir, difundir, transformar, transmitir por cualquier medio, posterior publicaci\u00f3n, exhibici\u00f3n, comunicaci\u00f3n p\u00fablica o representaci\u00f3n total o parcial, modificar o suprimir la informaci\u00f3n, los Contenidos o advertencias de este Portal sin la previa autorizaci\u00f3n escrita de VALLE PESQUERA CONSULTORES.<\/p><p>VALLE PESQUERA CONSULTORES y su logotipo son marcas registradas de VALLE PESQUERA CONSULTORES. La utilizaci\u00f3n de estas marcas requiere la autorizaci\u00f3n expresa de VALLE PESQUERA CONSULTORES, as\u00ed como un contrato de licencia acordado expresamente por las partes. El uso no autorizado de estas marcas u otras marcas registradas de VALLE PESQUERA CONSULTORES podr\u00eda ser objeto de procedimiento judicial en la m\u00e1xima medida posible contemplada por la ley. Para solicitar dicha autorizaci\u00f3n por escrito, p\u00f3ngase en contacto a trav\u00e9s del formulario de Contacto o en la direcci\u00f3n: info@vpconsultores.net.<\/p><p>El Usuario garantiza, respecto de cualquier informaci\u00f3n remitida a VALLE PESQUERA CONSULTORES a trav\u00e9s de alguno de los canales dispuestos a tal fin que ostenta los derechos requeridos para ello, no infringiendo ning\u00fan derecho de propiedad industrial y\/o intelectual, patente, marca, secreto comercial, o cualesquiera otros derechos de terceros.<\/p><p>El Usuario asume la responsabilidad y mantendr\u00e1 indemne a VALLE PESQUERA CONSULTORES respecto de cualquier comunicaci\u00f3n remitida, personalmente o a su nombre, alcanzando dicha responsabilidad sin restricci\u00f3n alguna la exactitud, legalidad, originalidad y titularidad de la misma.<\/p><p><strong>HIPERV\u00cdNCULOS<\/strong><\/p><p>El servicio de acceso al Portal puede incluir enlaces que permiten al Usuario acceder a otras p\u00e1ginas y portales de Internet, ajenos a VALLE PESQUERA CONSULTORES. En estos casos, VALLE PESQUERA CONSULTORES no controla ni es responsable de ninguno de dichos sitios ni de su contenido ya que act\u00faa como prestador de servicios de intermediaci\u00f3n de conformidad con el art\u00edculo 17 de la Ley 34\/2002, de 12 de julio, de Servicios de la Sociedad de la Informaci\u00f3n y el Comercio Electr\u00f3nico (\u201cLSSICE\u201d) siendo \u00fanicamente responsable de los contenidos y servicios suministrados en los enlaces en la medida en que tenga conocimiento efectivo de la ilicitud y no haya desactivado el enlace con la diligencia debida.<\/p><p>VALLE PESQUERA CONSULTORES no se hace responsable de las webs ajenas a las que se puede acceder mediante v\u00ednculos (\u00ablinks\u00bb) o de cualquier contenido puesto a disposici\u00f3n por terceros. Cualquier uso de un v\u00ednculo o acceso a una web ajena es realizado por voluntad y riesgo exclusivo del Usuario. VALLE PESQUERA CONSULTORES no recomienda ni garantiza ninguna informaci\u00f3n obtenida por, o a trav\u00e9s de, un v\u00ednculo, ni se responsabiliza de ninguna p\u00e9rdida, reclamaci\u00f3n o perjuicio derivado del uso o mal uso de un v\u00ednculo, o de la informaci\u00f3n obtenida a trav\u00e9s de \u00e9l, incluyendo otros v\u00ednculos o webs, de la interrupci\u00f3n en el servicio o en el acceso, o del intento de usar o usar mal un v\u00ednculo, tanto al acceder al Portal, como al acceder a la informaci\u00f3n de otras webs desde el mismo. El establecimiento de cualquier tipo de enlace desde el Portal a una web ajena no conllevar\u00e1 en ning\u00fan caso la existencia de relaci\u00f3n, colaboraci\u00f3n o dependencia entre VALLE PESQUERA CONSULTORES y el titular de la web ajena.<\/p><p>En caso de que VALLE PESQUERA CONSULTORES tenga conocimiento efectivo de que la actividad o la informaci\u00f3n a la que se remite desde dichos enlaces es il\u00edcita, constitutiva de delito o puede lesionar bienes o derechos de un tercero, actuar\u00e1 con la diligencia necesaria para suprimir o inutilizar el enlace correspondiente con la mayor brevedad posible. Asimismo, si el Usuario tuviera conocimiento efectivo de la ilicitud de actividades desarrolladas a trav\u00e9s de estas p\u00e1ginas web de terceros, deber\u00e1n comunicarlo inmediatamente a la Entidad a los efectos de que se proceda a deshabilitar el enlace de acceso a la misma.<\/p><p>Queda terminantemente prohibido el establecimiento de enlaces al Portal desde p\u00e1ginas web que contengan materiales, informaci\u00f3n o contenidos il\u00edcitos, ilegales, degradantes, obscenos, y en general, que contravengan la moral, el orden p\u00fablico o las normas sociales generalmente aceptadas.<\/p><p>La reproducci\u00f3n en p\u00e1ginas de terceros de contenidos del Portal, su inclusi\u00f3n como parte de su web o dentro de uno de sus frames o crear un browser, requerir\u00e1 previa autorizaci\u00f3n expresa de VALLE PESQUERA CONSULTORES.<\/p><p>La inclusi\u00f3n en p\u00e1ginas de terceros de la marca, denominaci\u00f3n, nombre comercial, r\u00f3tulo, logotipo, slogan o cualquier otro tipo de elemento identificativo de VALLE PESQUERA CONSULTORES y\/o del Portal, requerir\u00e1 previa autorizaci\u00f3n expresa de VALLE PESQUERA CONSULTORES.<\/p><p><strong>PRIVACIDAD Y TRATAMIENTO DE DATOS PERSONALES<\/strong><\/p><p>El Usuario puede visitar el presente sitio web sin necesidad de facilitar ning\u00fan dato de car\u00e1cter personal; no obstante, existen diversas opciones de consultas o formularios, en los que se recaban y tratan datos de car\u00e1cter personal. Cuando para el acceso a determinados contenidos o servicios sea necesario facilitar datos de car\u00e1cter personal, los Usuarios garantizar\u00e1n su veracidad, exactitud, autenticidad y vigencia. VALLE PESQUERA CONSULTORES cuenta con procedimientos internos para garantizar el cumplimiento de las obligaciones establecidas en el Reglamento (UE) 2016\/679 del Parlamento Europeo y del Consejo, de 27 de abril de 2016, relativo a la protecci\u00f3n de las personas f\u00edsicas en lo que respecta al tratamiento de datos personales y a la libre circulaci\u00f3n de estos datos (RGPD), as\u00ed como las previsiones de la normativa nacional aplicable en materia de protecci\u00f3n de datos. Puedes consultar toda la informaci\u00f3n sobre c\u00f3mo tratamos los datos recabados a trav\u00e9s del presente sitio web, accediendo a nuestra <a href=\"https:\/\/vpconsultores.net\/en\/politica-de-privacidad\/\"><u>Pol\u00edtica de Privacidad<\/u><\/a>.<\/p><p><strong>USO DE COOKIES<\/strong><\/p><p>Una cookie es un fichero que se descarga en el equipo del Usuario al acceder a determinadas p\u00e1ginas web. Las cookies permiten a un sitio web, entre otras cosas, almacenar y recuperar informaci\u00f3n sobre los h\u00e1bitos de navegaci\u00f3n de un equipo y, dependiendo de la informaci\u00f3n que contengan, podr\u00edan utilizarse para reconocer al Usuario. Puedes consultar la informaci\u00f3n sobre el tipo de cookies que utilizamos, accediendo a nuestra\u00a0<a href=\"https:\/\/vpconsultores.net\/en\/politica-de-cookies-ue\/\"><u>Pol\u00edtica de Cookies<\/u><\/a>.<\/p><p><strong>RESPONSABILIDADES<\/strong><\/p><p>El Usuario se compromete a:<\/p><ul><li>Hacer un uso adecuado y l\u00edcito del sitio web, as\u00ed como de los contenidos y servicios, de conformidad con:<\/li><\/ul><ul><li>la legislaci\u00f3n aplicable en cada momento;<\/li><li>las Condiciones Generales de Uso del sitio web;<\/li><li>la moral y buenas costumbres generalmente aceptadas y<\/li><li>el orden p\u00fablico.<\/li><\/ul><ul><li>Proveerse de todos los medios y requerimientos t\u00e9cnicos que se precisen para acceder al sitio web.<\/li><li>Facilitar informaci\u00f3n veraz al aportar sus datos de car\u00e1cter personal a los formularios contenidos en el Sitio Web y a mantenerlos actualizados en todo momento de forma que responda, en cada momento, a la situaci\u00f3n real del Usuario. El Usuario ser\u00e1 el \u00fanico responsable de las manifestaciones falsas o inexactas que realice y de los perjuicios que cause a VALLE PESQUERA CONSULTORES o a terceros por la informaci\u00f3n que facilite.<\/li><\/ul><p>El Usuario deber\u00e1 asimismo abstenerse de:<\/p><ul><li>Hacer un uso no autorizado o fraudulento del Sitio Web y\/o de los contenidos con fines o efectos il\u00edcitos, prohibidos en las presentes Condiciones Generales de Uso, lesivos de los derechos e intereses de terceros, o que de cualquier forma puedan da\u00f1ar, inutilizar, sobrecargar, deteriorar o impedir la normal utilizaci\u00f3n de los servicios o los documentos, archivos y toda clase de contenidos almacenados en cualquier equipo inform\u00e1tico.<\/li><\/ul><ul><li>Provocar da\u00f1os en los sistemas f\u00edsicos o l\u00f3gicos del Sitio Web, de sus proveedores o de terceros.<\/li><\/ul><ul><li>Introducir o difundir en la red virus inform\u00e1ticos o cualesquiera otros sistemas f\u00edsicos o l\u00f3gicos que sean susceptibles de provocar da\u00f1os en los sistemas f\u00edsicos o l\u00f3gicos de VALLE PESQUERA CONSULTORES de sus proveedores o de terceros.<\/li><\/ul><ul><li>Intentar acceder, utilizar y\/o manipular los datos de VALLE PESQUERA CONSULTORES, terceros proveedores y otros Usuarios.<\/li><\/ul><ul><li>Reproducir o copiar, distribuir, permitir el acceso del p\u00fablico a trav\u00e9s de cualquier modalidad de comunicaci\u00f3n p\u00fablica, transformar o modificar los contenidos, a menos que se cuente con la autorizaci\u00f3n del titular de los correspondientes derechos o ello resulte legalmente permitido.<\/li><\/ul><ul><li>Suprimir, ocultar o manipular las notas sobre derechos de propiedad intelectual o industrial y dem\u00e1s datos identificativos de los derechos de VALLE PESQUERA CONSULTORES o de terceros incorporados a los contenidos, as\u00ed como los dispositivos t\u00e9cnicos de protecci\u00f3n o cualesquiera mecanismos de informaci\u00f3n que puedan insertarse en los contenidos.<\/li><\/ul><p>Si para acceder a algunos de los servicios y\/o contenidos del sitio web, se generase alg\u00fan tipo de credencial o contrase\u00f1a, el Usuario se compromete a usarla de manera diligente, manteni\u00e9ndola en todo momento en secreto. En consecuencia, ser\u00e1 responsable de su adecuada custodia y confidencialidad, comprometi\u00e9ndose a no cederla a terceros, de manera temporal o permanente, ni a permitir el acceso a los mencionados servicios y\/o contenidos por parte de personas ajenas. Igualmente, se obliga a notificar a VALLE PESQUERA CONSULTORES cualquier hecho que pueda suponer un uso indebido de su contrase\u00f1a, como, a t\u00edtulo enunciativo, su robo, extrav\u00edo o el acceso no autorizado, con el fin de proceder a su inmediata cancelaci\u00f3n. En consecuencia, mientras no efect\u00fae la notificaci\u00f3n anterior, VALLE PESQUERA CONSULTORES quedar\u00e1 eximida de cualquier responsabilidad que pudiera derivarse del uso indebido de su contrase\u00f1a, siendo de su responsabilidad cualquier utilizaci\u00f3n il\u00edcita de los contenidos y\/o servicios del Sitio Web por cualquier tercero ileg\u00edtimo.<\/p><p>VALLE PESQUERA CONSULTORES no ser\u00e1 responsable de los perjuicios que se pudieran derivar, entre otros, de:<\/p><ul><li>interferencias, interrupciones, fallos, omisiones, aver\u00edas telef\u00f3nicas, retrasos, bloqueos o desconexiones en el funcionamiento del sistema electr\u00f3nico, motivadas por deficiencias, sobrecargas y errores en las l\u00edneas y redes de telecomunicaciones, o por cualquier otra causa ajena al control de VALLE PESQUERA CONSULTORES.<\/li><li>intromisiones ileg\u00edtimas mediante el uso de programas malignos de cualquier tipo y a trav\u00e9s de cualquier medio de comunicaci\u00f3n, tales como virus inform\u00e1ticos o cualesquiera otros.<\/li><li>abuso indebido o inadecuado del sitio web.<\/li><li>errores de seguridad o navegaci\u00f3n producidos por un mal funcionamiento del navegador o por el uso de versiones no actualizadas del mismo. Los administradores de VALLE PESQUERA CONSULTORES se reservan el derecho de retirar, total o parcialmente, cualquier contenido o informaci\u00f3n presente en el Sitio Web.<\/li><\/ul><p><u>\u00a0<\/u><\/p><p><strong>SEGURIDAD<\/strong><\/p><p>VALLE PESQUERA CONSULTORES utiliza tecnolog\u00edas adecuadas al estado de la t\u00e9cnica actual, para proteger sus datos e informaciones personales y nuestra p\u00e1gina web se almacena en servidores seguros protegidos contra los tipos de ataques m\u00e1s habituales. VALLE PESQUERA CONSULTORES ha adoptado las medidas de \u00edndole t\u00e9cnica y organizativa que garantizan la seguridad de los datos de car\u00e1cter personal y evitan su alteraci\u00f3n, p\u00e9rdida, tratamiento o acceso no autorizado, habida cuenta del estado de la tecnolog\u00eda, la naturaleza de los datos almacenados y los riesgos a que est\u00e9n expuestos.<\/p><p><strong>FUERZA MAYOR<\/strong><\/p><p>VALLE PESQUERA CONSULTORES no ser\u00e1 responsable en caso de imposibilidad de prestar el servicio, si la causa se debe a interrupciones prolongadas del suministro el\u00e9ctrico, l\u00edneas de telecomunicaciones, conflictos sociales, huelgas, rebeli\u00f3n, explosiones, inundaciones, actos y omisiones del Gobierno, y en general todos los supuestos de fuerza mayor o de caso fortuito.<\/p><p><strong>MODIFICACI\u00d3N DE LAS PRESENTES CONDICIONES<\/strong><\/p><p>VALLE PESQUERA CONSULTORES se reserva el derecho de ampliar, modificar, sustituir y\/o cancelar nuestros Servicios y\/o los t\u00e9rminos del presente Aviso Legal, sin aviso previo y sin que d\u00e9 lugar a responsabilidad o indemnizaci\u00f3n alguna por parte de VALLE PESQUERA CONSULTORES, siempre que ello no afecte a las condiciones sustanciales del servicio prestado, en cuyo caso le informaremos sobre los cambios que se hayan producido mediante email a la direcci\u00f3n de correo electr\u00f3nico proporcionada durante el registro.<\/p><p><strong>\u00a0RESOLUCI\u00d3N DE CONTROVERSIAS. LEY APLICABLE Y JURISDICCI\u00d3N<\/strong><\/p><p>Para la resoluci\u00f3n de todas las controversias o cuestiones relacionadas con el presente sitio web o de las actividades en \u00e9l desarrolladas, ser\u00e1 de aplicaci\u00f3n la legislaci\u00f3n espa\u00f1ola, a la que se someten expresamente las partes, siendo competentes para la resoluci\u00f3n de todos los conflictos derivados o relacionados con su uso los Juzgados y Tribunales de la ciudad de M\u00e1laga, salvo que el usuario tenga la condici\u00f3n de consumidor, en cuyo caso ser\u00e1n competentes los Juzgados y Tribunales del domicilio del consumidor.\u00a0<\/p><p>Igualmente, las partes\u00a0podr\u00e1n someter sus conflictos a los arbitrajes previstos en la legislaci\u00f3n de arbitraje y de defensa de los consumidores y usuarios, y a los procedimientos de resoluci\u00f3n extrajudicial de conflictos que se instauren por medio de c\u00f3digos de conducta u otros instrumentos de autorregulaci\u00f3n. En este sentido, la Comisi\u00f3n Europea facilita una plataforma de resoluci\u00f3n de litigios en l\u00ednea que est\u00e1 disponible en el siguiente enlace:\u00a0<a href=\"https:\/\/ec.europa.eu\/consumers\/odr\/\">https:\/\/ec.europa.eu\/consumers\/odr\/<\/a>. Los consumidores podr\u00e1n someter sus reclamaciones a trav\u00e9s de la plataforma de resoluci\u00f3n de litigios en l\u00ednea.<\/p><p>Fecha de la \u00faltima actualizaci\u00f3n: 15 de Noviembre de 2023<\/p>\t\t\t\t\t\t<\/div>\n\t\t\t\t<\/div>\n\t\t\t\t\t<\/div>\n\t\t\t\t<\/div>\n\t\t\t\t\t\t\t<\/div>","protected":false},"excerpt":{"rendered":"<p>Aviso legal TITULAR DEL SITIO WEB En cumplimiento de lo previsto en el art\u00edculo 10 de la Ley 34\/2002, de 11 de julio, de Servicios de la Sociedad de la Informaci\u00f3n y Comercio Electr\u00f3nico (LSSICE), se informa al Usuario que la titularidad del sitio web \u00a0(en adelante, el \u201cPortal\u201d) corresponde a: Denominaci\u00f3n social: VALLE PESQUERA [&hellip;]<\/p>","protected":false},"author":1,"featured_media":0,"parent":0,"menu_order":0,"comment_status":"closed","ping_status":"closed","template":"elementor_header_footer","meta":{"footnotes":""},"class_list":["post-2384","page","type-page","status-publish","hentry"],"_links":{"self":[{"href":"https:\/\/vpconsultores.net\/en\/wp-json\/wp\/v2\/pages\/2384","targetHints":{"allow":["GET"]}}],"collection":[{"href":"https:\/\/vpconsultores.net\/en\/wp-json\/wp\/v2\/pages"}],"about":[{"href":"https:\/\/vpconsultores.net\/en\/wp-json\/wp\/v2\/types\/page"}],"author":[{"embeddable":true,"href":"https:\/\/vpconsultores.net\/en\/wp-json\/wp\/v2\/users\/1"}],"replies":[{"embeddable":true,"href":"https:\/\/vpconsultores.net\/en\/wp-json\/wp\/v2\/comments?post=2384"}],"version-history":[{"count":40,"href":"https:\/\/vpconsultores.net\/en\/wp-json\/wp\/v2\/pages\/2384\/revisions"}],"predecessor-version":[{"id":2585,"href":"https:\/\/vpconsultores.net\/en\/wp-json\/wp\/v2\/pages\/2384\/revisions\/2585"}],"wp:attachment":[{"href":"https:\/\/vpconsultores.net\/en\/wp-json\/wp\/v2\/media?parent=2384"}],"curies":[{"name":"wp","href":"https:\/\/api.w.org\/{rel}","templated":true}]}}