{"id":2386,"date":"2023-11-14T09:54:07","date_gmt":"2023-11-14T09:54:07","guid":{"rendered":"https:\/\/delvalle.proyectoscoonic.es\/?page_id=2386"},"modified":"2023-11-15T10:56:44","modified_gmt":"2023-11-15T10:56:44","slug":"politica-de-privacidad","status":"publish","type":"page","link":"https:\/\/vpconsultores.net\/en\/politica-de-privacidad\/","title":{"rendered":"Pol\u00edtica de privacidad"},"content":{"rendered":"<div data-elementor-type=\"wp-page\" data-elementor-id=\"2386\" class=\"elementor elementor-2386\" data-elementor-post-type=\"page\">\n\t\t\t\t\t\t\t<div class=\"elementor-element elementor-element-75b216b e-flex e-con-boxed e-con e-parent\" data-id=\"75b216b\" data-element_type=\"container\" data-settings=\"{&quot;content_width&quot;:&quot;boxed&quot;}\" data-core-v316-plus=\"true\">\n\t\t\t\t\t<div class=\"e-con-inner\">\n\t\t\t\t<div class=\"elementor-element elementor-element-ecdf7b0 elementor-widget elementor-widget-heading\" data-id=\"ecdf7b0\" data-element_type=\"widget\" data-widget_type=\"heading.default\">\n\t\t\t\t<div class=\"elementor-widget-container\">\n\t\t\t<style>\/*! elementor - v3.17.0 - 08-11-2023 *\/\n.elementor-heading-title{padding:0;margin:0;line-height:1}.elementor-widget-heading .elementor-heading-title[class*=elementor-size-]>a{color:inherit;font-size:inherit;line-height:inherit}.elementor-widget-heading .elementor-heading-title.elementor-size-small{font-size:15px}.elementor-widget-heading .elementor-heading-title.elementor-size-medium{font-size:19px}.elementor-widget-heading .elementor-heading-title.elementor-size-large{font-size:29px}.elementor-widget-heading .elementor-heading-title.elementor-size-xl{font-size:39px}.elementor-widget-heading .elementor-heading-title.elementor-size-xxl{font-size:59px}<\/style><h2 class=\"elementor-heading-title elementor-size-default\">Pol\u00edtica de privacidad<\/h2>\t\t<\/div>\n\t\t\t\t<\/div>\n\t\t\t\t<div class=\"elementor-element elementor-element-694587e elementor-widget elementor-widget-text-editor\" data-id=\"694587e\" data-element_type=\"widget\" data-widget_type=\"text-editor.default\">\n\t\t\t\t<div class=\"elementor-widget-container\">\n\t\t\t<style>\/*! elementor - v3.17.0 - 08-11-2023 *\/\n.elementor-widget-text-editor.elementor-drop-cap-view-stacked .elementor-drop-cap{background-color:#69727d;color:#fff}.elementor-widget-text-editor.elementor-drop-cap-view-framed .elementor-drop-cap{color:#69727d;border:3px solid;background-color:transparent}.elementor-widget-text-editor:not(.elementor-drop-cap-view-default) .elementor-drop-cap{margin-top:8px}.elementor-widget-text-editor:not(.elementor-drop-cap-view-default) .elementor-drop-cap-letter{width:1em;height:1em}.elementor-widget-text-editor .elementor-drop-cap{float:left;text-align:center;line-height:1;font-size:50px}.elementor-widget-text-editor .elementor-drop-cap-letter{display:inline-block}<\/style>\t\t\t\t<div class=\"elementor-column elementor-col-66 elementor-top-column elementor-element elementor-element-1f09e45\" data-id=\"1f09e45\" data-element_type=\"column\" data-settings=\"{&quot;background_background&quot;:&quot;classic&quot;}\"><div class=\"elementor-widget-wrap elementor-element-populated\"><div class=\"elementor-element elementor-element-1a0288c elementor-widget elementor-widget-heading\" data-id=\"1a0288c\" data-element_type=\"widget\" data-widget_type=\"heading.default\"><div class=\"elementor-widget-container\"><p class=\"elementor-heading-title elementor-size-default\">\u00a0<\/p><\/div><\/div><\/div><\/div><section class=\"elementor-section elementor-top-section elementor-element elementor-element-16805dd elementor-section-boxed elementor-section-height-default elementor-section-height-default\" data-id=\"16805dd\" data-element_type=\"section\"><div class=\"elementor-container elementor-column-gap-default\"><div class=\"elementor-column elementor-col-100 elementor-top-column elementor-element elementor-element-6870109\" data-id=\"6870109\" data-element_type=\"column\"><div class=\"elementor-widget-wrap elementor-element-populated\"><div class=\"elementor-element elementor-element-a5ee444 elementor-widget elementor-widget-text-editor\" data-id=\"a5ee444\" data-element_type=\"widget\" data-widget_type=\"text-editor.default\"><div class=\"elementor-widget-container\"><p>En cumplimiento de lo previsto en el Reglamento (UE) 2016\/679 del Parlamento Europeo y del Consejo, de 27 de abril de 2016, relativo a la protecci\u00f3n de las personas f\u00edsicas en lo que respecta al tratamiento de datos personales y a la libre circulaci\u00f3n de estos datos (<strong>RGPD<\/strong>), as\u00ed como en cumplimiento de lo previsto en la Ley Org\u00e1nica 3\/2018, de 5 de diciembre, de Protecci\u00f3n de Datos Personales y garant\u00eda de los derechos digitales (<strong>LOPDGDD<\/strong>), se informa a continuaci\u00f3n sobre los siguientes puntos relacionados con el tratamiento de datos de car\u00e1cter personal a trav\u00e9s del presente sitio web<a href=\"https:\/\/vpconsultores.net\/en\/\" target=\"_blank\" rel=\"noopener\">\u00a0www.vpconsultores.net<\/a><\/p><p><strong>RESPONSABLE DEL TRATAMIENTO<\/strong><\/p><p>El Responsable del Tratamiento de los datos recabados es<strong>\u202f <\/strong>VALLE PESQUERA CONSULTORES S.L. (en adelante, VALLE PESQUERA CONSULTORES);<strong>\u202f<\/strong>CIF: B-92500446; domicilio social en Calle Fresca, n\u00ba 2, 3\u00ba izq. CP 29015 M\u00e1laga; telf. 952 21 60 94; e-mail:<a href=\"mailto:info@vpconsultores.net\" target=\"_blank\" rel=\"noopener\">info@vpconsultores.net<\/a><\/p><p>En relaci\u00f3n con el apartado \u201c\u00bfQuieres trabajar con nosotros?\u201d, los datos personales recabados ser\u00e1n tratados, en r\u00e9gimen de corresponsabilidad del tratamiento, en base a lo previsto en el art\u00edculo 26 del RGPD.<\/p><p>\u00a0<\/p><p><strong>\u00bfCU\u00c1L ES LA FINALIDAD DEL TRATAMIENTO DE SUS DATOS?<\/strong><\/p><p>En funci\u00f3n de los distintos formularios, servicios o contenidos a los que acceda, sus datos podr\u00e1n ser tratados con las siguientes finalidades, seg\u00fan el caso:<\/p><ul><li><u>\u00bfQuieres trabajar con nosotros?<\/u>: La informaci\u00f3n que se recabe a trav\u00e9s de este formulario se trata con la finalidad de hacer part\u00edcipe al Usuario en nuestros procesos de selecci\u00f3n. Los datos son de naturaleza identificativa, de formaci\u00f3n, experiencia, y otros datos curriculares que el interesado aporte.<\/li><\/ul><ul><li><u>Formulario de Contacto<\/u>: En el caso de que el Usuario complete el formulario de contacto, sus datos se utilizar\u00e1n con la finalidad de atender la consulta o petici\u00f3n de informaci\u00f3n que, en su caso, nos dirija. Los datos recabados en este caso son de naturaleza identificativa (nombre y apellidos, email y tel\u00e9fono), as\u00ed como relacionadas con la consulta o petici\u00f3n planteada.<\/li><\/ul><p><strong>BASE QUE LEGITIMA EL TRATAMIENTO<\/strong><\/p><p>La base legal del tratamiento de los datos personales recabados por VALLE PESQUERA CONSULTORES se fundamenta en distintos preceptos legales, en funci\u00f3n del contexto de la recogida y tratamiento:<\/p><ul><li><u>Bolsa de Trabajo<\/u>: La base que legitima el tratamiento es para la ejecuci\u00f3n de la relaci\u00f3n pre-contractual entre las partes, en los t\u00e9rminos del art\u00edculo 6.1.b) del RGPD.<\/li><\/ul><ul><li><u>Formulario de contacto<\/u>: La base que legitima el tratamiento es el consentimiento prestado, en los t\u00e9rminos del art\u00edculo 6.1.a) del RGPD. El Usuario podr\u00e1 retirar su consentimiento en cualquier momento, sin que ello afecte a la licitud del tratamiento con car\u00e1cter previo a su retirada.<\/li><\/ul><p><strong>CESIONES DE DATOS<\/strong><\/p><p>Los datos solo se comunicar\u00e1n en los casos en los que sea necesario para el cumplimiento de obligaciones legales impuestas al Responsable del tratamiento, en la media en que dicha cesi\u00f3n sea obligatoria. Tambi\u00e9n podr\u00e1n ser cedidos para prestar adecuadamente los servicios, en cuyo caso informaremos con car\u00e1cter previo sobre el contexto de la cesi\u00f3n, dentro de los l\u00edmites establecidos por la ley. Fuera de los casos indicados, ser\u00e1 necesario el consentimiento del interesado para la cesi\u00f3n de datos a un tercero.<\/p><p><strong>PLAZO DE CONSERVACI\u00d3N<\/strong><\/p><p>El plazo de conservaci\u00f3n de la informaci\u00f3n variar\u00e1 en funci\u00f3n del tipo del tratamiento:<\/p><ul><li><u>Bolsa de trabajo<\/u>: En el caso de que nos facilite su curr\u00edculum, la informaci\u00f3n se conservar\u00e1 durante un plazo m\u00e1ximo de dos a\u00f1os. Superado dicho plazo, procederemos a la eliminaci\u00f3n de sus datos.<\/li><\/ul><ul><li><u>Formulario de contacto<\/u>: La informaci\u00f3n recabada a trav\u00e9s del formulario de contacto se conservar\u00e1 durante el plazo necesario para atender a la petici\u00f3n de consulta o informaci\u00f3n que el Usuario haya solicitado; posteriormente, los datos ser\u00e1n eliminados, a menos que la naturaleza de la consulta o petici\u00f3n requiera la conservaci\u00f3n de su informaci\u00f3n para otros fines, en cuyo caso le informaremos sobre dicha finalidad del tratamiento, el plazo de conservaci\u00f3n y destinatarios de datos, en los t\u00e9rminos que correspondan.<\/li><\/ul><p><strong>\u00bfC\u00d3MO PROTEGEMOS SUS DATOS?<\/strong><\/p><p>VALLE PESQUERA CONSULTORES utiliza tecnolog\u00edas adecuadas al estado de la t\u00e9cnica actual, para proteger sus datos e informaci\u00f3n personal, as\u00ed nuestra p\u00e1gina web se almacena en servidores seguros protegidos contra los tipos de ataques m\u00e1s habituales. VALLE PESQUERA CONSULTORES ha adoptado las medidas de \u00edndole t\u00e9cnica y organizativa que garantizan la seguridad de los datos de car\u00e1cter personal y evitan su alteraci\u00f3n, p\u00e9rdida, tratamiento o acceso no autorizado, habida cuenta del estado de la tecnolog\u00eda, la naturaleza de los datos almacenados y los riesgos a que est\u00e9n expuestos.<\/p><p><strong>VERACIDAD Y ACTUALIZACI\u00d3N DE LA INFORMACI\u00d3N APORTADA<\/strong><\/p><p>Toda la informaci\u00f3n que facilite el Usuario deber\u00e1 ser veraz y exacta. A estos efectos, el Usuario debe asegurarse de la autenticidad de todos aquellos datos que aporte como consecuencia de la cumplimentaci\u00f3n de los formularios correspondientes. Para registrarse y\/o rellenar cualquier formulario, el Usuario tendr\u00e1 que proporcionar todos los datos que figuran en dichos formularios como obligatorios, garantizando que los datos proporcionados son exactos y adecuados a la realidad. La variaci\u00f3n de sus datos deber\u00e1 ser notificada lo antes posible a VALLE PESQUERA CONSULTORES. En todo caso, el Usuario ser\u00e1 el \u00fanico responsable de las manifestaciones falsas o inexactas que realice, y de los perjuicios que cause a VALLE PESQUERA CONSULTORES o a terceros, por la informaci\u00f3n que facilite. La no comunicaci\u00f3n o la comunicaci\u00f3n incompleta de los datos personales obligatorios podr\u00e1 suponer la imposibilidad de prestar el servicio solicitado.<\/p><p><strong>DERECHOS EN MATERIA DE PROTECCI\u00d3N DE DATOS<\/strong><\/p><p>EL Reglamento General de Protecci\u00f3n de Datos reconoce distintos derechos al interesado en relaci\u00f3n con el tratamiento de sus datos de car\u00e1cter personal. A continuaci\u00f3n, le informamos sobre cada uno de estos derechos y le indicamos los canales a trav\u00e9s de los cuales podr\u00e1s dirigir, en su caso, la petici\u00f3n que corresponda:<\/p><table width=\"0\"><tbody><tr><td width=\"207\"><strong>TIPO DE DERECHO<\/strong><\/td><td width=\"349\"><strong>DESCRIPCI\u00d3N<\/strong><\/td><\/tr><tr><td width=\"207\"><strong>SUPRESI\u00d3N<\/strong><\/td><td width=\"349\"><p>Tendr\u00e1 derecho a la supresi\u00f3n de sus datos personales cuando concurran alguna de las circunstancias siguientes:<\/p><p>\u00b7\u00a0\u00a0\u00a0\u00a0\u00a0\u00a0\u00a0 que no sean necesarios en relaci\u00f3n con los fines para los que fueron recogidos o tratados inicialmente;<\/p><p>\u00b7\u00a0\u00a0\u00a0\u00a0\u00a0\u00a0\u00a0 que retire el consentimiento, siempre que el tratamiento de sus datos no se base en otro fundamento jur\u00eddico que justifique la continuidad del tratamiento;<\/p><p>\u00b7\u00a0\u00a0\u00a0\u00a0\u00a0\u00a0\u00a0 que se oponga al tratamiento y no prevalezcan otros motivos leg\u00edtimos para seguir tratando sus datos;<\/p><p>\u00b7\u00a0\u00a0\u00a0\u00a0\u00a0\u00a0\u00a0 que los datos cuya supresi\u00f3n solicita hayan sido tratados il\u00edcitamente.<\/p><\/td><\/tr><tr><td width=\"207\"><strong>ACCESO<\/strong><\/td><td width=\"349\">Tiene derecho a obtener confirmaci\u00f3n sobre si se est\u00e1n tratando o no datos personales que le conciernen, as\u00ed como acceso a la siguiente informaci\u00f3n: los fines del tratamiento; las categor\u00edas de los datos que se tratan; los destinatarios o las categor\u00edas de destinatarios a los que se han comunicado o ser\u00e1n comunicados; de ser posible, el plazo previsto de conservaci\u00f3n de los datos personales o, de no ser posible, los criterios utilizados para determinar este plazo.<\/td><\/tr><tr><td width=\"207\"><strong>RECTIFICACI\u00d3N<\/strong><\/td><td width=\"349\">Tiene derecho a obtener la rectificaci\u00f3n de los datos personales inexactos que le conciernen. Adem\u00e1s, teniendo en cuenta los fines del tratamiento, tendr\u00e1 derecho a que se completen los datos personales que sean incompletos, inclusive mediante una declaraci\u00f3n adicional. Para ello, deber\u00e1 indicarnos en su solicitud a qu\u00e9 datos se refiere y la correcci\u00f3n que debamos realizar; asimismo, tendr\u00e1 que acompa\u00f1ar, cuando sea preciso, la documentaci\u00f3n justificativa de la inexactitud o car\u00e1cter incompleto de los datos objeto del tratamiento.<\/td><\/tr><tr><td width=\"207\"><strong>LIMITACI\u00d3N<\/strong><\/td><td width=\"349\"><p>Tiene derecho a obtener la limitaci\u00f3n del tratamiento de los datos cuando se cumpla alguna de las condiciones siguientes:<\/p><p>\u00b7\u00a0\u00a0\u00a0\u00a0\u00a0\u00a0\u00a0\u00a0\u00a0 cuando haya impugnado la exactitud de sus datos personales, durante el plazo que permita a la Empresa verificar la exactitud de los mismos;<\/p><p>\u00b7\u00a0\u00a0\u00a0\u00a0\u00a0\u00a0\u00a0\u00a0\u00a0 en el supuesto de que considere que el tratamiento es il\u00edcito, se haya opuesto a la supresi\u00f3n de los datos personales y solicite en su lugar la limitaci\u00f3n de su uso;<\/p><p>\u00b7\u00a0\u00a0\u00a0\u00a0\u00a0\u00a0\u00a0\u00a0\u00a0 que la Empresa ya no necesite los datos personales para los fines del tratamiento, pero el Usuario los necesite para la formulaci\u00f3n, el ejercicio o la defensa de reclamaciones;<\/p><p>\u00b7\u00a0\u00a0\u00a0\u00a0\u00a0\u00a0\u00a0\u00a0\u00a0 en el supuesto de que se haya opuesto al tratamiento, mientras se verifica si los motivos leg\u00edtimos de la Empresa prevalecen sobre los suyos.<\/p><\/td><\/tr><tr><td width=\"207\"><strong>PORTABILIDAD<\/strong><\/td><td width=\"349\">Tendr\u00e1 derecho a recibir los datos personales que le conciernan, que haya facilitado a la Empresa, en un formato estructurado, de uso com\u00fan y lectura mec\u00e1nica, y a transmitirlos a otro responsable del tratamiento sin que lo impida la Empresa, cuando el tratamiento est\u00e9 basado en el consentimiento, y se efect\u00fae por medios automatizados. Al ejercer su derecho a la portabilidad de los datos, tendr\u00e1 derecho a que los datos personales se transmitan directamente de responsable a responsable cuando sea t\u00e9cnicamente posible. Este derecho a la portabilidad no se aplicar\u00e1 al tratamiento que sea necesario para el cumplimiento de una misi\u00f3n realizada en inter\u00e9s p\u00fablico o en el ejercicio de poderes p\u00fablicos. El derecho a la portabilidad no se extender\u00e1 a los datos que la Empresa hubiera inferido a partir de datos que se deriven directamente del uso de los servicios prestados<\/td><\/tr><tr><td width=\"207\"><strong>OPOSICI\u00d3N<\/strong><\/td><td width=\"349\">Tendr\u00e1 derecho a oponerse al tratamiento de datos que le conciernen, en cualquier momento, incluida la elaboraci\u00f3n de perfiles. En caso de que ejercite este derecho, la Empresa dejar\u00e1 de tratar sus datos personales, salvo que acreditemos motivos leg\u00edtimos imperiosos para que el tratamiento prevalezca sobre sus intereses, derechos y libertades, o para la formulaci\u00f3n, del ejercicio o la defensa de reclamaciones.<\/td><\/tr><tr><td width=\"207\"><strong>DECISIONES AUTOMATIZADAS<\/strong><\/td><td width=\"349\">El interesado tendr\u00e1 derecho a no ser objeto de una decisi\u00f3n basada \u00fanicamente en el tratamiento automatizado incluida la elaboraci\u00f3n de perfiles que produzcan efectos jur\u00eddicos o que afecte significativamente de modo similar.<\/td><\/tr><tr><td colspan=\"2\" width=\"557\"><strong>CANALES PARA HACER EFECTIVO EL EJERCICIO DE ESTOS DERECHOS:<\/strong><\/td><\/tr><tr><td colspan=\"2\" width=\"557\"><p>Para ejercitar cualquiera de los derechos indicados en los apartados anteriores, puede enviar un email a\u00a0info@vpconsultores.net o remitir carta a la siguiente direcci\u00f3n: Calle Fresca, n\u00ba 2, 3\u00ba izq. 29015 M\u00e1laga.<\/p><p>En los casos en los que considere que se han vulnerado sus derechos en materia de protecci\u00f3n de datos, especialmente cuando no haya obtenido satisfacci\u00f3n en el ejercicio de sus derechos, puede presentar una reclamaci\u00f3n ante la Agencia Espa\u00f1ola de Protecci\u00f3n de Datos. Le indicamos a continuaci\u00f3n los datos de contacto de esta autoridad de control:<\/p><p>\u00b7\u00a0\u00a0\u00a0\u00a0\u00a0\u00a0\u00a0 Direcci\u00f3n postal: Calle Jorge Juan n\u00ba 6, CP 28001, Madrid<\/p><p>\u00b7\u00a0\u00a0\u00a0\u00a0\u00a0\u00a0\u00a0 Direcci\u00f3n web:\u00a0<a href=\"http:\/\/www.aepd.es\/\">www.aepd.es<\/a><\/p><p>\u00b7\u00a0\u00a0\u00a0\u00a0\u00a0\u00a0\u00a0 Tel\u00e9fonos: 901 100 099\/ 91.266.35.17<\/p><\/td><\/tr><\/tbody><\/table><p><strong>CAMBIOS EN LA PRESENTE POL\u00cdTICA DE PRIVACIDAD<\/strong><\/p><p>VALLE PESQUERA CONSULTORES se reserva el derecho a modificar la presente Pol\u00edtica de Privacidad para adaptarla a novedades legislativas o jurisprudenciales, as\u00ed como a pr\u00e1cticas de la industria. En dichos supuestos, VALLE PESQUERA CONSULTORES anunciar\u00e1 en esta p\u00e1gina los cambios introducidos con razonable antelaci\u00f3n a su puesta en pr\u00e1ctica.<\/p><p>Fecha de la \u00faltima actualizaci\u00f3n<strong>:\u00a0<\/strong>15 de Noviembre de 2023.<\/p><\/div><\/div><\/div><\/div><\/div><\/section>\t\t\t\t\t\t<\/div>\n\t\t\t\t<\/div>\n\t\t\t\t\t<\/div>\n\t\t\t\t<\/div>\n\t\t\t\t\t\t\t<\/div>","protected":false},"excerpt":{"rendered":"<p>Pol\u00edtica de privacidad \u00a0 En cumplimiento de lo previsto en el Reglamento (UE) 2016\/679 del Parlamento Europeo y del Consejo, de 27 de abril de 2016, relativo a la protecci\u00f3n de las personas f\u00edsicas en lo que respecta al tratamiento de datos personales y a la libre circulaci\u00f3n de estos datos (RGPD), as\u00ed como en [&hellip;]<\/p>","protected":false},"author":1,"featured_media":0,"parent":0,"menu_order":0,"comment_status":"closed","ping_status":"closed","template":"elementor_header_footer","meta":{"footnotes":""},"class_list":["post-2386","page","type-page","status-publish","hentry"],"_links":{"self":[{"href":"https:\/\/vpconsultores.net\/en\/wp-json\/wp\/v2\/pages\/2386","targetHints":{"allow":["GET"]}}],"collection":[{"href":"https:\/\/vpconsultores.net\/en\/wp-json\/wp\/v2\/pages"}],"about":[{"href":"https:\/\/vpconsultores.net\/en\/wp-json\/wp\/v2\/types\/page"}],"author":[{"embeddable":true,"href":"https:\/\/vpconsultores.net\/en\/wp-json\/wp\/v2\/users\/1"}],"replies":[{"embeddable":true,"href":"https:\/\/vpconsultores.net\/en\/wp-json\/wp\/v2\/comments?post=2386"}],"version-history":[{"count":25,"href":"https:\/\/vpconsultores.net\/en\/wp-json\/wp\/v2\/pages\/2386\/revisions"}],"predecessor-version":[{"id":2598,"href":"https:\/\/vpconsultores.net\/en\/wp-json\/wp\/v2\/pages\/2386\/revisions\/2598"}],"wp:attachment":[{"href":"https:\/\/vpconsultores.net\/en\/wp-json\/wp\/v2\/media?parent=2386"}],"curies":[{"name":"wp","href":"https:\/\/api.w.org\/{rel}","templated":true}]}}