{"id":2389,"date":"2023-11-14T09:58:09","date_gmt":"2023-11-14T09:58:09","guid":{"rendered":"https:\/\/delvalle.proyectoscoonic.es\/?page_id=2389"},"modified":"2023-11-14T11:14:53","modified_gmt":"2023-11-14T11:14:53","slug":"accesibilidad","status":"publish","type":"page","link":"https:\/\/vpconsultores.net\/en\/accesibilidad\/","title":{"rendered":"Accesibilidad"},"content":{"rendered":"<div data-elementor-type=\"wp-page\" data-elementor-id=\"2389\" class=\"elementor elementor-2389\" data-elementor-post-type=\"page\">\n\t\t\t\t\t\t\t<div class=\"elementor-element elementor-element-d3ed373 e-flex e-con-boxed e-con e-parent\" data-id=\"d3ed373\" data-element_type=\"container\" data-settings=\"{&quot;content_width&quot;:&quot;boxed&quot;}\" data-core-v316-plus=\"true\">\n\t\t\t\t\t<div class=\"e-con-inner\">\n\t\t\t\t<div class=\"elementor-element elementor-element-d7314db elementor-widget elementor-widget-heading\" data-id=\"d7314db\" data-element_type=\"widget\" data-widget_type=\"heading.default\">\n\t\t\t\t<div class=\"elementor-widget-container\">\n\t\t\t<style>\/*! elementor - v3.17.0 - 08-11-2023 *\/\n.elementor-heading-title{padding:0;margin:0;line-height:1}.elementor-widget-heading .elementor-heading-title[class*=elementor-size-]>a{color:inherit;font-size:inherit;line-height:inherit}.elementor-widget-heading .elementor-heading-title.elementor-size-small{font-size:15px}.elementor-widget-heading .elementor-heading-title.elementor-size-medium{font-size:19px}.elementor-widget-heading .elementor-heading-title.elementor-size-large{font-size:29px}.elementor-widget-heading .elementor-heading-title.elementor-size-xl{font-size:39px}.elementor-widget-heading .elementor-heading-title.elementor-size-xxl{font-size:59px}<\/style><h2 class=\"elementor-heading-title elementor-size-default\">Declaraci\u00f3n de accesibilidad<\/h2>\t\t<\/div>\n\t\t\t\t<\/div>\n\t\t\t\t<div class=\"elementor-element elementor-element-5be8acb elementor-widget elementor-widget-text-editor\" data-id=\"5be8acb\" data-element_type=\"widget\" data-widget_type=\"text-editor.default\">\n\t\t\t\t<div class=\"elementor-widget-container\">\n\t\t\t<style>\/*! elementor - v3.17.0 - 08-11-2023 *\/\n.elementor-widget-text-editor.elementor-drop-cap-view-stacked .elementor-drop-cap{background-color:#69727d;color:#fff}.elementor-widget-text-editor.elementor-drop-cap-view-framed .elementor-drop-cap{color:#69727d;border:3px solid;background-color:transparent}.elementor-widget-text-editor:not(.elementor-drop-cap-view-default) .elementor-drop-cap{margin-top:8px}.elementor-widget-text-editor:not(.elementor-drop-cap-view-default) .elementor-drop-cap-letter{width:1em;height:1em}.elementor-widget-text-editor .elementor-drop-cap{float:left;text-align:center;line-height:1;font-size:50px}.elementor-widget-text-editor .elementor-drop-cap-letter{display:inline-block}<\/style>\t\t\t\t<p>Esta web se ha comprometido a hacer accesible contenido de conformidad con el criterio de accesibilidad del Programa Kit Digital, conforme a los anexos de la norma UNE-EN 301 549:2022.<\/p><p><strong>2. SITUACI\u00d3N DE CUMPLIMIENTO<\/strong><\/p><p>Las tecnolog\u00edas web en las que se basa la conformidad de la accesibilidad del presente sitio son HTML5, HTML 4.01, CSS, WAI-ARIA, SVG as\u00ed como OTRAS tecnolog\u00edas de la plataforma WordPress url:\u00a0<a role=\"link\" href=\"https:\/\/wordpress.org\/\" target=\"_blank\" rel=\"noreferrer noopener\">https:\/\/wordpress.org<\/a><\/p><p>Con motivo de lo anterior, este sitio web es PARCIALMENTE CONFORME, siendo los aspectos de accesibilidad con los que es conforme la presente web los siguientes:<\/p><figure class=\"wp-block-table\"><table><thead><tr><th>Requisitos web<\/th><th>Requisitos software<\/th><th>Requisitos documentaci\u00f3n Y servicios de apoyo<\/th><\/tr><\/thead><tbody><tr><td>9.1.1.1 Contenido no textual<br \/>9.1.3.1 Informaci\u00f3n y relaciones<br \/>9.1.3.2 Secuencia significativa<br \/>9.1.3.3 Caracter\u00edsticas sensoriales<br \/>9.1.3.4 Orientaci\u00f3n<br \/>9.1.3.5 Identificaci\u00f3n del prop\u00f3sito de la entrada<br \/>9.1.4.1 Uso del Color<br \/>9.1.4.3 Contraste (m\u00ednimo)<br \/>9.1.4.4 Cambio de tama\u00f1o del texto<br \/>9.1.4.5 Im\u00e1genes de texto<br \/>9.1.4.10 Reajuste del texto<br \/>9.1.4.11 Contraste no textual<br \/>9.1.4.12 Espaciado del texto<br \/>9.2.1.1 Teclado<br \/>9.2.1.2. Sin trampas para el foco del teclado<br \/>9.2.3.1 Umbral de tres destellos o menos<br \/>9.2.4.1. Evitar bloques<br \/>9.2.4.2 Titulado de p\u00e1ginas<br \/>9.2.4.3 Orden del foco<br \/>9.2.4.4 Prop\u00f3sito de los enlaces (en contexto)<br \/>9.2.4.5 M\u00faltiples v\u00edas<br \/>9.2.4.6 Encabezados y etiquetas<br \/>9.2.4.7 Foco visible<br \/>9.2.5.3 Inclusi\u00f3n de la etiqueta en el nombre<br \/>9.3.1.1 Idioma de la p\u00e1gina<br \/>9.3.1.2 Idioma de las partes<br \/>9.3.2.1 Al recibir el foco<br \/>9.3.2.2 Al recibir entradas<br \/>9.3.2.3 Navegaci\u00f3n coherente<br \/>9.3.2.4 Identificaci\u00f3n coherente<br \/>9.3.3.1 Identificaci\u00f3n de errores<br \/>9.3.3.2 Etiquetas o instrucciones<br \/>9.3.3.3 Sugerencias ante errores<br \/>9.4.1.1 Procedimiento<br \/>9.4.1.2 Nombre, funci\u00f3n, valor<br \/>9.4.1.3 Mensajes de estado<br \/>9.6 Requisitos de conformidad de las Pautas WCAG<\/td><td>11.7 Preferencias de usuario<br \/>11.8.1 Tecnolog\u00eda de gesti\u00f3n de contenidos<br \/>11.8.2 Creaci\u00f3n de contenidos accesibles<\/td><td>12.1.1 Caracter\u00edsticas de accesibilidad y compatibilidad<br \/>12.1.2 Documentaci\u00f3n accesible<br \/>12.2.2 Informaci\u00f3n sobre las caracter\u00edsticas de accesibilidad y compatibilidad<br \/>12.2.3 Comunicaci\u00f3n efectiva<br \/>12.2.4 Documentaci\u00f3n accesible<\/td><\/tr><\/tbody><\/table><\/figure><p><strong>3. CONTENIDO NO ACCESIBLE<\/strong><\/p><p><strong>9.1.4.13 CONTENIDO SE\u00d1ALADO CON EL PUNTERO O QUE TIENE EL FOCO (CONDICIONAL)<\/strong><\/p><p>Donde recibir y luego quitar el puntero o el foco del teclado desencadena contenido adicional para que se vuelva visible y luego se oculte, lo siguiente es cierto:<\/p><p>Descartable: Hay un mecanismo disponible para descartar el contenido adicional sin mover el puntero o el foco del teclado, a menos que el contenido adicional comunique un error de entrada o no oculte o reemplace otro contenido;<br \/>Hoverable: Si el desplazamiento del puntero puede activar el contenido adicional, entonces el puntero se puede mover sobre el contenido adicional sin que desaparezca el contenido adicional;<br \/>Persistente: El contenido adicional permanece visible hasta que se elimine el disparador de desplazamiento o enfoque, el usuario lo descarte o su informaci\u00f3n ya no sea v\u00e1lida.<\/p><p><strong>9.2.1.4 ATAJOS DEL TECLADO (CONDICIONAL)<\/strong><\/p><p>Si se implementa un atajo de teclado en el contenido usando solo letras (incluidas letras may\u00fasculas y min\u00fasculas), signos de puntuaci\u00f3n, n\u00fameros o s\u00edmbolos, entonces al menos uno de los siguientes es verdadero:<\/p><ul><li>Apagar: Hay un mecanismo disponible para desactivar el atajo;<\/li><li>Reasignar: Hay un mecanismo disponible para reasignar el atajo para usar uno o m\u00e1s caracteres de teclado no imprimibles (por ejemplo, Ctrl, Alt, etc.);<\/li><li>Activo solo en foco: El m\u00e9todo abreviado de teclado para un componente de la interfaz de usuario solo est\u00e1 activo cuando ese componente tiene el foco.<\/li><\/ul><p><a role=\"link\" href=\"https:\/\/www.w3.org\/TR\/WCAG\/#character-key-shortcuts\" target=\"_blank\" rel=\"noopener\">https:\/\/www.w3.org\/TR\/WCAG\/#character-key-shortcuts<\/a><\/p><p><strong>9.2.5.4 ACTIVACI\u00d3N MEDIANTE MOVIMIENTO (CONDICIONAL)<\/strong><\/p><p>La funcionalidad que puede ser operada por el movimiento del dispositivo o el movimiento del usuario tambi\u00e9n puede ser operada por los componentes de la interfaz de usuario y la respuesta al movimiento puede desactivarse para evitar la activaci\u00f3n accidental, excepto cuando:<\/p><ul><li>Interfaz compatible: El movimiento se utiliza para operar la funcionalidad a trav\u00e9s de una interfaz compatible con accesibilidad ;<\/li><li>B\u00e1sico: El movimiento es esencial para la funci\u00f3n y hacerlo invalidar\u00eda la actividad.<\/li><\/ul><p><a role=\"link\" href=\"https:\/\/www.w3.org\/TR\/WCAG\/#motion-actuation\" target=\"_blank\" rel=\"noopener\">https:\/\/www.w3.org\/TR\/WCAG\/#motion-actuation<\/a><\/p><p><strong>11.8.4 SERVICIO DE REPARACI\u00d3N (CONDICIONAL)<\/strong><\/p><p>Condici\u00f3n: Cuando el contenido web sea una herramienta de autor.<\/p><p>Si la funcionalidad de verificaci\u00f3n de la accesibilidad de una herramienta de autor puede detectar si el contenido no cumple un requisito de los cap\u00edtulos 9 (Web) o 10 (Documentos no web), seg\u00fan proceda, entonces la herramienta de autor debe proporcionar una(s) sugerencia(s) para su reparaci\u00f3n.<\/p><p>NOTA Esto no excluye una reparaci\u00f3n autom\u00e1tica o semiautom\u00e1tica, que es posible (y recomendable) para muchos de los tipos de problemas de accesibilidad del contenido.<\/p><p><strong>11.8.5 PLANTILLAS (CONDICIONAL)<\/strong><\/p><p>Condici\u00f3n: Cuando el contenido web sea una herramienta de autor.<\/p><p>Si una herramienta de autor proporciona plantillas, debe estar disponible e identificada como tal por lo menos una plantillas que sea compatible con la creaci\u00f3n de contenido conforme a los requisitos de los cap\u00edtulos 9 (Web) o 10 (Documentos no web), seg\u00fan proceda.<\/p><p><strong>4. PREPARACI\u00d3N DE LA PRESENTE DECLARACI\u00d3N DE ACCESIBILIDAD<\/strong><\/p><p>La presente declaraci\u00f3n fue preparada el 25 de marzo de 2023<\/p><p>El m\u00e9todo empleado para preparar la declaraci\u00f3n ha sido la empresa tercera Agua Crea&amp;Comunica, la cual certifica que el presente sitio web corresponde sustancialmente a la interpretaci\u00f3n de la gu\u00eda informativa proporcionada por las pautas WCAG 2.1 AA. En este esfuerzo continuo en la eliminaci\u00f3n de barreras y seguir\u00e1n mejorando este sitio hasta alcanzar una accesibilidad y usabilidad \u00f3ptimas para todos los usuarios<\/p><p>\u00daltima revisi\u00f3n de la declaraci\u00f3n: 25 de marzo de 2023<\/p><p><strong>5. OBSERVACIONES Y DATOS DE CONTACTO<\/strong><\/p><p>Si encuentra barreras de acceso o problemas con alguna p\u00e1gina o funci\u00f3n de este sitio web que pueda suponer un obst\u00e1culo para los visitantes que quieran acceder a \u00e9l, puede ponerse en contacto en cualquier momento en la direcci\u00f3n de correo electr\u00f3nico del aviso legal.<\/p>\t\t\t\t\t\t<\/div>\n\t\t\t\t<\/div>\n\t\t\t\t\t<\/div>\n\t\t\t\t<\/div>\n\t\t\t\t\t\t\t<\/div>","protected":false},"excerpt":{"rendered":"<p>Declaraci\u00f3n de accesibilidad Esta web se ha comprometido a hacer accesible contenido de conformidad con el criterio de accesibilidad del Programa Kit Digital, conforme a los anexos de la norma UNE-EN 301 549:2022. 2. SITUACI\u00d3N DE CUMPLIMIENTO Las tecnolog\u00edas web en las que se basa la conformidad de la accesibilidad del presente sitio son HTML5, [&hellip;]<\/p>","protected":false},"author":1,"featured_media":0,"parent":0,"menu_order":0,"comment_status":"closed","ping_status":"closed","template":"elementor_header_footer","meta":{"footnotes":""},"class_list":["post-2389","page","type-page","status-publish","hentry"],"_links":{"self":[{"href":"https:\/\/vpconsultores.net\/en\/wp-json\/wp\/v2\/pages\/2389","targetHints":{"allow":["GET"]}}],"collection":[{"href":"https:\/\/vpconsultores.net\/en\/wp-json\/wp\/v2\/pages"}],"about":[{"href":"https:\/\/vpconsultores.net\/en\/wp-json\/wp\/v2\/types\/page"}],"author":[{"embeddable":true,"href":"https:\/\/vpconsultores.net\/en\/wp-json\/wp\/v2\/users\/1"}],"replies":[{"embeddable":true,"href":"https:\/\/vpconsultores.net\/en\/wp-json\/wp\/v2\/comments?post=2389"}],"version-history":[{"count":16,"href":"https:\/\/vpconsultores.net\/en\/wp-json\/wp\/v2\/pages\/2389\/revisions"}],"predecessor-version":[{"id":2507,"href":"https:\/\/vpconsultores.net\/en\/wp-json\/wp\/v2\/pages\/2389\/revisions\/2507"}],"wp:attachment":[{"href":"https:\/\/vpconsultores.net\/en\/wp-json\/wp\/v2\/media?parent=2389"}],"curies":[{"name":"wp","href":"https:\/\/api.w.org\/{rel}","templated":true}]}}