{"id":54,"date":"2023-11-03T12:56:33","date_gmt":"2023-11-03T12:56:33","guid":{"rendered":"https:\/\/delvalle.proyectoscoonic.es\/?page_id=54"},"modified":"2024-01-24T09:37:08","modified_gmt":"2024-01-24T09:37:08","slug":"equipo","status":"publish","type":"page","link":"https:\/\/vpconsultores.net\/en\/equipo\/","title":{"rendered":"Equipo"},"content":{"rendered":"<div data-elementor-type=\"wp-page\" data-elementor-id=\"54\" class=\"elementor elementor-54\" data-elementor-post-type=\"page\">\n\t\t\t\t\t\t\t<div class=\"elementor-element elementor-element-9f3fba8 e-flex e-con-boxed e-con e-parent\" data-id=\"9f3fba8\" data-element_type=\"container\" data-settings=\"{&quot;content_width&quot;:&quot;boxed&quot;}\" data-core-v316-plus=\"true\">\n\t\t\t\t\t<div class=\"e-con-inner\">\n\t\t\t\t<div class=\"elementor-element elementor-element-d48c44b elementor-widget__width-inherit elementor-widget elementor-widget-heading\" data-id=\"d48c44b\" data-element_type=\"widget\" data-widget_type=\"heading.default\">\n\t\t\t\t<div class=\"elementor-widget-container\">\n\t\t\t<style>\/*! elementor - v3.17.0 - 08-11-2023 *\/\n.elementor-heading-title{padding:0;margin:0;line-height:1}.elementor-widget-heading .elementor-heading-title[class*=elementor-size-]>a{color:inherit;font-size:inherit;line-height:inherit}.elementor-widget-heading .elementor-heading-title.elementor-size-small{font-size:15px}.elementor-widget-heading .elementor-heading-title.elementor-size-medium{font-size:19px}.elementor-widget-heading .elementor-heading-title.elementor-size-large{font-size:29px}.elementor-widget-heading .elementor-heading-title.elementor-size-xl{font-size:39px}.elementor-widget-heading .elementor-heading-title.elementor-size-xxl{font-size:59px}<\/style><h2 class=\"elementor-heading-title elementor-size-default\">Nuestro equipo<\/h2>\t\t<\/div>\n\t\t\t\t<\/div>\n\t\t\t\t\t<\/div>\n\t\t\t\t<\/div>\n\t\t<div class=\"elementor-element elementor-element-8c5c287 e-con-full wrapper e-flex e-con e-parent\" data-id=\"8c5c287\" data-element_type=\"container\" data-settings=\"{&quot;content_width&quot;:&quot;full&quot;,&quot;background_background&quot;:&quot;classic&quot;}\" data-core-v316-plus=\"true\">\n\t\t<div class=\"elementor-element elementor-element-161dab7 e-con-full e-flex e-con e-child\" data-id=\"161dab7\" data-element_type=\"container\" data-settings=\"{&quot;content_width&quot;:&quot;full&quot;}\">\n\t\t<div class=\"elementor-element elementor-element-c49f0b5 e-con-full testHover e-flex e-con e-child\" data-id=\"c49f0b5\" data-element_type=\"container\" data-settings=\"{&quot;content_width&quot;:&quot;full&quot;}\">\n\t\t\t\t<div class=\"elementor-element elementor-element-9204234 asociado-recuadro elementor-position-top elementor-widget elementor-widget-image-box\" data-id=\"9204234\" data-element_type=\"widget\" data-widget_type=\"image-box.default\">\n\t\t\t\t<div class=\"elementor-widget-container\">\n\t\t\t<style>\/*! elementor - v3.17.0 - 08-11-2023 *\/\n.elementor-widget-image-box .elementor-image-box-content{width:100%}@media (min-width:768px){.elementor-widget-image-box.elementor-position-left .elementor-image-box-wrapper,.elementor-widget-image-box.elementor-position-right .elementor-image-box-wrapper{display:flex}.elementor-widget-image-box.elementor-position-right .elementor-image-box-wrapper{text-align:right;flex-direction:row-reverse}.elementor-widget-image-box.elementor-position-left .elementor-image-box-wrapper{text-align:left;flex-direction:row}.elementor-widget-image-box.elementor-position-top .elementor-image-box-img{margin:auto}.elementor-widget-image-box.elementor-vertical-align-top .elementor-image-box-wrapper{align-items:flex-start}.elementor-widget-image-box.elementor-vertical-align-middle .elementor-image-box-wrapper{align-items:center}.elementor-widget-image-box.elementor-vertical-align-bottom .elementor-image-box-wrapper{align-items:flex-end}}@media (max-width:767px){.elementor-widget-image-box .elementor-image-box-img{margin-left:auto!important;margin-right:auto!important;margin-bottom:15px}}.elementor-widget-image-box .elementor-image-box-img{display:inline-block}.elementor-widget-image-box .elementor-image-box-title a{color:inherit}.elementor-widget-image-box .elementor-image-box-wrapper{text-align:center}.elementor-widget-image-box .elementor-image-box-description{margin:0}<\/style><div class=\"elementor-image-box-wrapper\"><figure class=\"elementor-image-box-img\"><img fetchpriority=\"high\" decoding=\"async\" width=\"700\" height=\"1081\" src=\"https:\/\/vpconsultores.net\/wp-content\/uploads\/2023\/11\/Isidoro-del-Valle-Pesquera-2.webp\" class=\"attachment-full size-full wp-image-1810\" alt=\"Isidoro del Valle Pesquera\" srcset=\"https:\/\/vpconsultores.net\/wp-content\/uploads\/2023\/11\/Isidoro-del-Valle-Pesquera-2.webp 700w, https:\/\/vpconsultores.net\/wp-content\/uploads\/2023\/11\/Isidoro-del-Valle-Pesquera-2-194x300.webp 194w, https:\/\/vpconsultores.net\/wp-content\/uploads\/2023\/11\/Isidoro-del-Valle-Pesquera-2-663x1024.webp 663w\" sizes=\"(max-width: 700px) 100vw, 700px\" \/><\/figure><div class=\"elementor-image-box-content\"><p class=\"elementor-image-box-title\"> Isidoro del Valle Pesquera<\/p><p class=\"elementor-image-box-description\">Licenciado en Derecho en la Universidad Complutense de Madrid, Master en Asesoramiento tributario en Garrigues.<\/p><\/div><\/div>\t\t<\/div>\n\t\t\t\t<\/div>\n\t\t\t\t<\/div>\n\t\t<div class=\"elementor-element elementor-element-17be9c3 e-con-full e-flex e-con e-child\" data-id=\"17be9c3\" data-element_type=\"container\" data-settings=\"{&quot;content_width&quot;:&quot;full&quot;}\">\n\t\t\t\t<\/div>\n\t\t<div class=\"elementor-element elementor-element-9c9bb2a e-con-full testHover e-flex e-con e-child\" data-id=\"9c9bb2a\" data-element_type=\"container\" data-settings=\"{&quot;content_width&quot;:&quot;full&quot;}\">\n\t\t\t\t<div class=\"elementor-element elementor-element-4b2e612 asociado-recuadro elementor-position-top elementor-widget elementor-widget-image-box\" data-id=\"4b2e612\" data-element_type=\"widget\" data-widget_type=\"image-box.default\">\n\t\t\t\t<div class=\"elementor-widget-container\">\n\t\t\t<div class=\"elementor-image-box-wrapper\"><figure class=\"elementor-image-box-img\"><img decoding=\"async\" width=\"700\" height=\"1081\" src=\"https:\/\/vpconsultores.net\/wp-content\/uploads\/2023\/11\/Pablo-del-Valle-Pesquera.webp\" class=\"attachment-full size-full wp-image-1821\" alt=\"Pablo del Valle Pesquera\" srcset=\"https:\/\/vpconsultores.net\/wp-content\/uploads\/2023\/11\/Pablo-del-Valle-Pesquera.webp 700w, https:\/\/vpconsultores.net\/wp-content\/uploads\/2023\/11\/Pablo-del-Valle-Pesquera-194x300.webp 194w, https:\/\/vpconsultores.net\/wp-content\/uploads\/2023\/11\/Pablo-del-Valle-Pesquera-663x1024.webp 663w\" sizes=\"(max-width: 700px) 100vw, 700px\" \/><\/figure><div class=\"elementor-image-box-content\"><p class=\"elementor-image-box-title\">Pablo del Valle Pesquera<\/p><p class=\"elementor-image-box-description\">Licenciado en Ciencias Econ\u00f3micas y Empresariales en la Universidad Complutense de Madrid, Master en Auditor\u00eda de Cuentas por la Universidad Pontificia de Salamanca y Auditor Censor Jurado de Cuentas con n\u00famero de ROAC: 18.852<\/p><\/div><\/div>\t\t<\/div>\n\t\t\t\t<\/div>\n\t\t\t\t<\/div>\n\t\t<div class=\"elementor-element elementor-element-63a22c9 e-con-full e-flex e-con e-child\" data-id=\"63a22c9\" data-element_type=\"container\" data-settings=\"{&quot;content_width&quot;:&quot;full&quot;}\">\n\t\t\t\t<\/div>\n\t\t<div class=\"elementor-element elementor-element-c76406b e-con-full asociado2 testHover e-flex e-con e-child\" data-id=\"c76406b\" data-element_type=\"container\" data-settings=\"{&quot;content_width&quot;:&quot;full&quot;}\">\n\t\t\t\t<div class=\"elementor-element elementor-element-ad39964 asociado-recuadro elementor-position-top elementor-widget elementor-widget-image-box\" data-id=\"ad39964\" data-element_type=\"widget\" data-widget_type=\"image-box.default\">\n\t\t\t\t<div class=\"elementor-widget-container\">\n\t\t\t<div class=\"elementor-image-box-wrapper\"><figure class=\"elementor-image-box-img\"><img decoding=\"async\" width=\"700\" height=\"1081\" src=\"https:\/\/vpconsultores.net\/wp-content\/uploads\/2023\/11\/Alvaro-Castillo-Jimenez.webp\" class=\"attachment-full size-full wp-image-1823\" alt=\"\" srcset=\"https:\/\/vpconsultores.net\/wp-content\/uploads\/2023\/11\/Alvaro-Castillo-Jimenez.webp 700w, https:\/\/vpconsultores.net\/wp-content\/uploads\/2023\/11\/Alvaro-Castillo-Jimenez-194x300.webp 194w, https:\/\/vpconsultores.net\/wp-content\/uploads\/2023\/11\/Alvaro-Castillo-Jimenez-663x1024.webp 663w\" sizes=\"(max-width: 700px) 100vw, 700px\" \/><\/figure><div class=\"elementor-image-box-content\"><p class=\"elementor-image-box-title\">\u00c1lvaro Castillo Jim\u00e9nez<\/p><p class=\"elementor-image-box-description\">Auditoria: Graduado en Econom\u00eda<\/p><\/div><\/div>\t\t<\/div>\n\t\t\t\t<\/div>\n\t\t\t\t<\/div>\n\t\t<div class=\"elementor-element elementor-element-1b9864e e-con-full asociado2 testHover e-flex e-con e-child\" data-id=\"1b9864e\" data-element_type=\"container\" data-settings=\"{&quot;content_width&quot;:&quot;full&quot;}\">\n\t\t\t\t<div class=\"elementor-element elementor-element-c5eb011 asociado-recuadro elementor-position-top elementor-widget elementor-widget-image-box\" data-id=\"c5eb011\" data-element_type=\"widget\" data-widget_type=\"image-box.default\">\n\t\t\t\t<div class=\"elementor-widget-container\">\n\t\t\t<div class=\"elementor-image-box-wrapper\"><figure class=\"elementor-image-box-img\"><img loading=\"lazy\" decoding=\"async\" width=\"700\" height=\"1081\" src=\"https:\/\/vpconsultores.net\/wp-content\/uploads\/2023\/11\/Julia-Cotta-Crooke.webp\" class=\"attachment-full size-full wp-image-1824\" alt=\"Julia Cotta Crooke\" srcset=\"https:\/\/vpconsultores.net\/wp-content\/uploads\/2023\/11\/Julia-Cotta-Crooke.webp 700w, https:\/\/vpconsultores.net\/wp-content\/uploads\/2023\/11\/Julia-Cotta-Crooke-194x300.webp 194w, https:\/\/vpconsultores.net\/wp-content\/uploads\/2023\/11\/Julia-Cotta-Crooke-663x1024.webp 663w\" sizes=\"(max-width: 700px) 100vw, 700px\" \/><\/figure><div class=\"elementor-image-box-content\"><p class=\"elementor-image-box-title\">Julia Cotta Crooke<\/p><p class=\"elementor-image-box-description\">Laboral: Diplomada en Relaciones Laborales<\/p><\/div><\/div>\t\t<\/div>\n\t\t\t\t<\/div>\n\t\t\t\t<\/div>\n\t\t<div class=\"elementor-element elementor-element-f1ce432 e-con-full e-flex e-con e-child\" data-id=\"f1ce432\" data-element_type=\"container\" data-settings=\"{&quot;content_width&quot;:&quot;full&quot;}\">\n\t\t\t\t<\/div>\n\t\t<div class=\"elementor-element elementor-element-65f10dc e-con-full asociado2 testHover e-flex e-con e-child\" data-id=\"65f10dc\" data-element_type=\"container\" data-settings=\"{&quot;content_width&quot;:&quot;full&quot;}\">\n\t\t\t\t<div class=\"elementor-element elementor-element-8a18555 asociado-recuadro elementor-position-top elementor-widget elementor-widget-image-box\" data-id=\"8a18555\" data-element_type=\"widget\" data-widget_type=\"image-box.default\">\n\t\t\t\t<div class=\"elementor-widget-container\">\n\t\t\t<div class=\"elementor-image-box-wrapper\"><figure class=\"elementor-image-box-img\"><img loading=\"lazy\" decoding=\"async\" width=\"700\" height=\"1081\" src=\"https:\/\/vpconsultores.net\/wp-content\/uploads\/2023\/11\/Ma-Cinta-Laborda-Perez.webp\" class=\"attachment-full size-full wp-image-1825\" alt=\"M\u00aa Cinta Laborda P\u00e9rez\" srcset=\"https:\/\/vpconsultores.net\/wp-content\/uploads\/2023\/11\/Ma-Cinta-Laborda-Perez.webp 700w, https:\/\/vpconsultores.net\/wp-content\/uploads\/2023\/11\/Ma-Cinta-Laborda-Perez-194x300.webp 194w, https:\/\/vpconsultores.net\/wp-content\/uploads\/2023\/11\/Ma-Cinta-Laborda-Perez-663x1024.webp 663w\" sizes=\"(max-width: 700px) 100vw, 700px\" \/><\/figure><div class=\"elementor-image-box-content\"><p class=\"elementor-image-box-title\">M\u00aa Cinta Laborda P\u00e9rez <\/p><p class=\"elementor-image-box-description\">Fiscal y Contable: Licenciada en Direcci\u00f3n y Administraci\u00f3n de Empresas<\/p><\/div><\/div>\t\t<\/div>\n\t\t\t\t<\/div>\n\t\t\t\t<\/div>\n\t\t<div class=\"elementor-element elementor-element-4dc6713 e-con-full e-flex e-con e-child\" data-id=\"4dc6713\" data-element_type=\"container\" data-settings=\"{&quot;content_width&quot;:&quot;full&quot;}\">\n\t\t\t\t<\/div>\n\t\t<div class=\"elementor-element elementor-element-1ca24b7 e-con-full asociado2 testHover e-flex e-con e-child\" data-id=\"1ca24b7\" data-element_type=\"container\" data-settings=\"{&quot;content_width&quot;:&quot;full&quot;}\">\n\t\t\t\t<div class=\"elementor-element elementor-element-e34bc4b asociado-recuadro elementor-position-top elementor-widget elementor-widget-image-box\" data-id=\"e34bc4b\" data-element_type=\"widget\" data-widget_type=\"image-box.default\">\n\t\t\t\t<div class=\"elementor-widget-container\">\n\t\t\t<div class=\"elementor-image-box-wrapper\"><figure class=\"elementor-image-box-img\"><img loading=\"lazy\" decoding=\"async\" width=\"700\" height=\"1081\" src=\"https:\/\/vpconsultores.net\/wp-content\/uploads\/2023\/11\/Marisa-Gavino-Vibora.webp\" class=\"attachment-full size-full wp-image-1829\" alt=\"Marisa Gavi\u00f1o V\u00edbora\" srcset=\"https:\/\/vpconsultores.net\/wp-content\/uploads\/2023\/11\/Marisa-Gavino-Vibora.webp 700w, https:\/\/vpconsultores.net\/wp-content\/uploads\/2023\/11\/Marisa-Gavino-Vibora-194x300.webp 194w, https:\/\/vpconsultores.net\/wp-content\/uploads\/2023\/11\/Marisa-Gavino-Vibora-663x1024.webp 663w\" sizes=\"(max-width: 700px) 100vw, 700px\" \/><\/figure><div class=\"elementor-image-box-content\"><p class=\"elementor-image-box-title\">Marisa Gavi\u00f1o V\u00edbora<\/p><p class=\"elementor-image-box-description\">Fiscal y Contable: Diplomada en Relaciones Laborales<\/p><\/div><\/div>\t\t<\/div>\n\t\t\t\t<\/div>\n\t\t\t\t<\/div>\n\t\t<div class=\"elementor-element elementor-element-a878844 e-con-full asociado2 testHover e-flex e-con e-child\" data-id=\"a878844\" data-element_type=\"container\" data-settings=\"{&quot;content_width&quot;:&quot;full&quot;}\">\n\t\t\t\t<div class=\"elementor-element elementor-element-efcd745 asociado-recuadro elementor-position-top elementor-widget elementor-widget-image-box\" data-id=\"efcd745\" data-element_type=\"widget\" data-widget_type=\"image-box.default\">\n\t\t\t\t<div class=\"elementor-widget-container\">\n\t\t\t<div class=\"elementor-image-box-wrapper\"><figure class=\"elementor-image-box-img\"><img loading=\"lazy\" decoding=\"async\" width=\"700\" height=\"1081\" src=\"https:\/\/vpconsultores.net\/wp-content\/uploads\/2023\/11\/Jorge-Escalante-Perez-del-Bosque.webp\" class=\"attachment-full size-full wp-image-1830\" alt=\"\" srcset=\"https:\/\/vpconsultores.net\/wp-content\/uploads\/2023\/11\/Jorge-Escalante-Perez-del-Bosque.webp 700w, https:\/\/vpconsultores.net\/wp-content\/uploads\/2023\/11\/Jorge-Escalante-Perez-del-Bosque-194x300.webp 194w, https:\/\/vpconsultores.net\/wp-content\/uploads\/2023\/11\/Jorge-Escalante-Perez-del-Bosque-663x1024.webp 663w\" sizes=\"(max-width: 700px) 100vw, 700px\" \/><\/figure><div class=\"elementor-image-box-content\"><p class=\"elementor-image-box-title\">Jorge Escalante P\u00e9rez del Bosque<\/p><p class=\"elementor-image-box-description\">Fiscal y Contable: Licenciado en Direcci\u00f3n y Administraci\u00f3n de Empresas<\/p><\/div><\/div>\t\t<\/div>\n\t\t\t\t<\/div>\n\t\t\t\t<\/div>\n\t\t<div class=\"elementor-element elementor-element-7b44139 e-con-full e-flex e-con e-child\" data-id=\"7b44139\" data-element_type=\"container\" data-settings=\"{&quot;content_width&quot;:&quot;full&quot;}\">\n\t\t\t\t<\/div>\n\t\t\t\t<\/div>\n\t\t<div class=\"elementor-element elementor-element-273c906 e-con-full elementor-hidden-mobile e-flex e-con e-child\" data-id=\"273c906\" data-element_type=\"container\" data-settings=\"{&quot;content_width&quot;:&quot;full&quot;}\">\n\t\t<div class=\"elementor-element elementor-element-1bdbc69 stickyColumn e-flex e-con-boxed e-con e-child\" data-id=\"1bdbc69\" data-element_type=\"container\" data-settings=\"{&quot;background_background&quot;:&quot;classic&quot;,&quot;sticky&quot;:&quot;top&quot;,&quot;sticky_offset&quot;:80,&quot;sticky_parent&quot;:&quot;yes&quot;,&quot;content_width&quot;:&quot;boxed&quot;,&quot;sticky_on&quot;:[&quot;desktop&quot;,&quot;tablet&quot;,&quot;mobile&quot;],&quot;sticky_effects_offset&quot;:0}\">\n\t\t\t\t\t<div class=\"e-con-inner\">\n\t\t<div class=\"elementor-element elementor-element-fe56ac7 hidden-div e-flex e-con-boxed e-con e-child\" data-id=\"fe56ac7\" data-element_type=\"container\" id=\"hidden-div\" data-settings=\"{&quot;content_width&quot;:&quot;boxed&quot;}\">\n\t\t\t\t\t<div class=\"e-con-inner\">\n\t\t\t\t<div class=\"elementor-element elementor-element-bcab065 elementor-widget elementor-widget-heading\" data-id=\"bcab065\" data-element_type=\"widget\" data-widget_type=\"heading.default\">\n\t\t\t\t<div class=\"elementor-widget-container\">\n\t\t\t<h2 class=\"elementor-heading-title elementor-size-default\">Descubre nuestros expertos<\/h2>\t\t<\/div>\n\t\t\t\t<\/div>\n\t\t\t\t\t<\/div>\n\t\t\t\t<\/div>\n\t\t\t\t\t<\/div>\n\t\t\t\t<\/div>\n\t\t\t\t<\/div>\n\t\t\t\t<\/div>\n\t\t\t\t\t\t\t<\/div>","protected":false},"excerpt":{"rendered":"<p>Nuestro equipo Isidoro del Valle Pesquera Licenciado en Derecho en la Universidad Complutense de Madrid, Master en Asesoramiento tributario en Garrigues. Pablo del Valle Pesquera Licenciado en Ciencias Econ\u00f3micas y Empresariales en la Universidad Complutense de Madrid, Master en Auditor\u00eda de Cuentas por la Universidad Pontificia de Salamanca y Auditor Censor Jurado de Cuentas con [&hellip;]<\/p>","protected":false},"author":1,"featured_media":0,"parent":0,"menu_order":0,"comment_status":"closed","ping_status":"closed","template":"elementor_header_footer","meta":{"footnotes":""},"class_list":["post-54","page","type-page","status-publish","hentry"],"_links":{"self":[{"href":"https:\/\/vpconsultores.net\/en\/wp-json\/wp\/v2\/pages\/54","targetHints":{"allow":["GET"]}}],"collection":[{"href":"https:\/\/vpconsultores.net\/en\/wp-json\/wp\/v2\/pages"}],"about":[{"href":"https:\/\/vpconsultores.net\/en\/wp-json\/wp\/v2\/types\/page"}],"author":[{"embeddable":true,"href":"https:\/\/vpconsultores.net\/en\/wp-json\/wp\/v2\/users\/1"}],"replies":[{"embeddable":true,"href":"https:\/\/vpconsultores.net\/en\/wp-json\/wp\/v2\/comments?post=54"}],"version-history":[{"count":616,"href":"https:\/\/vpconsultores.net\/en\/wp-json\/wp\/v2\/pages\/54\/revisions"}],"predecessor-version":[{"id":2645,"href":"https:\/\/vpconsultores.net\/en\/wp-json\/wp\/v2\/pages\/54\/revisions\/2645"}],"wp:attachment":[{"href":"https:\/\/vpconsultores.net\/en\/wp-json\/wp\/v2\/media?parent=54"}],"curies":[{"name":"wp","href":"https:\/\/api.w.org\/{rel}","templated":true}]}}